{"id":13,"date":"2017-08-26T15:20:11","date_gmt":"2017-08-26T13:20:11","guid":{"rendered":"http:\/\/www.helpaustria.at\/dev\/tr\/?page_id=13"},"modified":"2023-06-02T16:50:35","modified_gmt":"2023-06-02T14:50:35","slug":"goz-nuru","status":"publish","type":"page","link":"https:\/\/www.helpaustria.at\/tr\/goz-nuru\/","title":{"rendered":"G\u00f6z nuru"},"content":{"rendered":"<div style=\"text-align: justify;\">\u0130nsana ba\u011f\u0131\u015flanan en b\u00fcy\u00fck nimetlerden olan g\u00f6z\u00fcm\u00fcz\u00fcn ve g\u00f6rme yetkimizin de\u011feri tart\u0131\u015f\u0131lamaz. Lakin D\u00fcnya Sa\u011fl\u0131k \u00d6rg\u00fct\u00fcn\u00fcn (WHO) verilerine g\u00f6re, d\u00fcnya \u00e7ap\u0131nda yakla\u015f\u0131k 39,8 milyon k\u00f6r insan ya\u015famaktad\u0131r. Bunun yan\u0131 s\u0131ra yakla\u015f\u0131k 153 milyon insan, g\u00f6zl\u00fck ve di\u011fer g\u00f6rme cihazlar\u0131ndan mahrum kald\u0131\u011f\u0131 i\u00e7in g\u00f6rememektedir. Human Help olarak, Somali ve Banglade\u015f gibi \u00f6zellikle geli\u015fmekte olan \u00fclkelerde ya\u015fayan insanlara g\u00f6z nurunu hediye etmeyi ve onlar\u0131 tekrar hayata kazand\u0131rmay\u0131 ama\u00e7l\u0131yoruz. Bu projeye verece\u011finiz destek sayesinde \u00f6nlenebilir k\u00f6rl\u00fckleri ortadan kald\u0131r\u0131lmas\u0131na yard\u0131mc\u0131 olabilirsiniz.<\/div>\n<div><\/div>\n<div style=\"text-align: justify;\">Katarakt ameliyat\u0131n\u0131n fiyat\u0131 Banglade\u015f&#8217;de 110 \u20ac&#8217;dur.<\/div>\n<div style=\"text-align: justify;\">\n<p>Katarakt ameliyat\u0131n\u0131n fiyat\u0131 Somali&#8217;de 120 \u20ac&#8217;dur.<\/p>\n<p><strong>Velhas\u0131l, g\u00f6z nuru paha bi\u00e7ilemez, lakin g\u00f6zlere nur olmak elimizdedir&#8230;<\/strong><\/p>\n<\/div>\n<div class=\"ui divider\"><\/div>\n<div class=\"ui four column internally celled stackable gallery grid\">\n\t\t\t\t<div class=\"column\">\n\t\t\t<div class=\"ui rounded image\"><a class=\"ui rounded image\" href='https:\/\/www.helpaustria.at\/tr\/wp-content\/uploads\/sites\/2\/2017\/09\/goez-nuru-11.jpg'><img fetchpriority=\"high\" decoding=\"async\" width=\"300\" height=\"168\" src=\"https:\/\/www.helpaustria.at\/tr\/wp-content\/uploads\/sites\/2\/2017\/09\/goez-nuru-11-300x168.jpg\" class=\"attachment-medium size-medium\" alt=\"\" \/><\/a><\/div>\t\t<\/div>\n\t\t\t\t<div class=\"column\">\n\t\t\t<div class=\"ui rounded image\"><a class=\"ui rounded image\" href='https:\/\/www.helpaustria.at\/tr\/wp-content\/uploads\/sites\/2\/2017\/09\/goez-nuru-10.jpg'><img decoding=\"async\" width=\"300\" height=\"168\" src=\"https:\/\/www.helpaustria.at\/tr\/wp-content\/uploads\/sites\/2\/2017\/09\/goez-nuru-10-300x168.jpg\" class=\"attachment-medium size-medium\" alt=\"\" \/><\/a><\/div>\t\t<\/div>\n\t\t\t\t<div class=\"column\">\n\t\t\t<div class=\"ui rounded image\"><a class=\"ui rounded image\" href='https:\/\/www.helpaustria.at\/tr\/wp-content\/uploads\/sites\/2\/2017\/09\/goez-nuru-9.jpg'><img decoding=\"async\" width=\"300\" height=\"168\" src=\"https:\/\/www.helpaustria.at\/tr\/wp-content\/uploads\/sites\/2\/2017\/09\/goez-nuru-9-300x168.jpg\" class=\"attachment-medium size-medium\" alt=\"\" \/><\/a><\/div>\t\t<\/div>\n\t\t\t\t<div class=\"column\">\n\t\t\t<div class=\"ui rounded image\"><a class=\"ui rounded image\" href='https:\/\/www.helpaustria.at\/tr\/wp-content\/uploads\/sites\/2\/2017\/09\/goez-nuru-8.jpg'><img loading=\"lazy\" decoding=\"async\" width=\"300\" height=\"168\" src=\"https:\/\/www.helpaustria.at\/tr\/wp-content\/uploads\/sites\/2\/2017\/09\/goez-nuru-8-300x168.jpg\" class=\"attachment-medium size-medium\" alt=\"\" \/><\/a><\/div>\t\t<\/div>\n\t\t\t\t<div class=\"column\">\n\t\t\t<div class=\"ui rounded image\"><a class=\"ui rounded image\" href='https:\/\/www.helpaustria.at\/tr\/wp-content\/uploads\/sites\/2\/2017\/09\/goez-nuru-7.jpg'><img loading=\"lazy\" decoding=\"async\" width=\"300\" height=\"168\" src=\"https:\/\/www.helpaustria.at\/tr\/wp-content\/uploads\/sites\/2\/2017\/09\/goez-nuru-7-300x168.jpg\" class=\"attachment-medium size-medium\" alt=\"\" \/><\/a><\/div>\t\t<\/div>\n\t\t\t\t<div class=\"column\">\n\t\t\t<div class=\"ui rounded image\"><a class=\"ui rounded image\" href='https:\/\/www.helpaustria.at\/tr\/wp-content\/uploads\/sites\/2\/2017\/09\/goez-nuru-6.jpg'><img loading=\"lazy\" decoding=\"async\" width=\"300\" height=\"200\" src=\"https:\/\/www.helpaustria.at\/tr\/wp-content\/uploads\/sites\/2\/2017\/09\/goez-nuru-6-300x200.jpg\" class=\"attachment-medium size-medium\" alt=\"\" \/><\/a><\/div>\t\t<\/div>\n\t\t\t\t<div class=\"column\">\n\t\t\t<div class=\"ui rounded image\"><a class=\"ui rounded image\" href='https:\/\/www.helpaustria.at\/tr\/wp-content\/uploads\/sites\/2\/2017\/09\/goez-nuru-5.jpg'><img loading=\"lazy\" decoding=\"async\" width=\"300\" height=\"200\" src=\"https:\/\/www.helpaustria.at\/tr\/wp-content\/uploads\/sites\/2\/2017\/09\/goez-nuru-5-300x200.jpg\" class=\"attachment-medium size-medium\" alt=\"\" \/><\/a><\/div>\t\t<\/div>\n\t\t\t\t<div class=\"column\">\n\t\t\t<div class=\"ui rounded image\"><a class=\"ui rounded image\" href='https:\/\/www.helpaustria.at\/tr\/wp-content\/uploads\/sites\/2\/2017\/09\/goez-nuru-4.jpg'><img loading=\"lazy\" decoding=\"async\" width=\"300\" height=\"200\" src=\"https:\/\/www.helpaustria.at\/tr\/wp-content\/uploads\/sites\/2\/2017\/09\/goez-nuru-4-300x200.jpg\" class=\"attachment-medium size-medium\" alt=\"\" \/><\/a><\/div>\t\t<\/div>\n\t\t\t\t<div class=\"column\">\n\t\t\t<div class=\"ui rounded image\"><a class=\"ui rounded image\" href='https:\/\/www.helpaustria.at\/tr\/wp-content\/uploads\/sites\/2\/2017\/09\/goez-nuru-3.jpg'><img loading=\"lazy\" decoding=\"async\" width=\"300\" height=\"200\" src=\"https:\/\/www.helpaustria.at\/tr\/wp-content\/uploads\/sites\/2\/2017\/09\/goez-nuru-3-300x200.jpg\" class=\"attachment-medium size-medium\" alt=\"\" \/><\/a><\/div>\t\t<\/div>\n\t\t\t\t<div class=\"column\">\n\t\t\t<div class=\"ui rounded image\"><a class=\"ui rounded image\" href='https:\/\/www.helpaustria.at\/tr\/wp-content\/uploads\/sites\/2\/2017\/09\/goez-nuru-2.jpg'><img loading=\"lazy\" decoding=\"async\" width=\"300\" height=\"200\" src=\"https:\/\/www.helpaustria.at\/tr\/wp-content\/uploads\/sites\/2\/2017\/09\/goez-nuru-2-300x200.jpg\" class=\"attachment-medium size-medium\" alt=\"\" \/><\/a><\/div>\t\t<\/div>\n\t\t\t\t<div class=\"column\">\n\t\t\t<div class=\"ui rounded image\"><a class=\"ui rounded image\" href='https:\/\/www.helpaustria.at\/tr\/wp-content\/uploads\/sites\/2\/2017\/09\/goez-nuru-1.jpg'><img loading=\"lazy\" decoding=\"async\" width=\"300\" height=\"200\" src=\"https:\/\/www.helpaustria.at\/tr\/wp-content\/uploads\/sites\/2\/2017\/09\/goez-nuru-1-300x200.jpg\" class=\"attachment-medium size-medium\" alt=\"\" \/><\/a><\/div>\t\t<\/div>\n\t\t\t\t<div class=\"column\">\n\t\t\t<div class=\"ui rounded image\"><a class=\"ui rounded image\" href='https:\/\/www.helpaustria.at\/tr\/wp-content\/uploads\/sites\/2\/2017\/09\/goez-nuru-14.jpg'><img loading=\"lazy\" decoding=\"async\" width=\"300\" height=\"168\" src=\"https:\/\/www.helpaustria.at\/tr\/wp-content\/uploads\/sites\/2\/2017\/09\/goez-nuru-14-300x168.jpg\" class=\"attachment-medium size-medium\" alt=\"\" \/><\/a><\/div>\t\t<\/div>\n\t\t\t\t<div class=\"column\">\n\t\t\t<div class=\"ui rounded image\"><a class=\"ui rounded image\" href='https:\/\/www.helpaustria.at\/tr\/wp-content\/uploads\/sites\/2\/2017\/09\/goez-nuru-13.jpg'><img loading=\"lazy\" decoding=\"async\" width=\"300\" height=\"168\" src=\"https:\/\/www.helpaustria.at\/tr\/wp-content\/uploads\/sites\/2\/2017\/09\/goez-nuru-13-300x168.jpg\" class=\"attachment-medium size-medium\" alt=\"\" \/><\/a><\/div>\t\t<\/div>\n\t\t\t\t<div class=\"column\">\n\t\t\t<div class=\"ui rounded image\"><a class=\"ui rounded image\" href='https:\/\/www.helpaustria.at\/tr\/wp-content\/uploads\/sites\/2\/2017\/09\/goez-nuru-12.jpg'><img loading=\"lazy\" decoding=\"async\" width=\"300\" height=\"168\" src=\"https:\/\/www.helpaustria.at\/tr\/wp-content\/uploads\/sites\/2\/2017\/09\/goez-nuru-12-300x168.jpg\" class=\"attachment-medium size-medium\" alt=\"\" \/><\/a><\/div>\t\t<\/div>\n\t\t\t\t<div class=\"column\">\n\t\t\t<div class=\"ui rounded image\"><a class=\"ui rounded image\" href='https:\/\/www.helpaustria.at\/tr\/wp-content\/uploads\/sites\/2\/2017\/08\/augenlicht-1.jpg'><img loading=\"lazy\" decoding=\"async\" width=\"300\" height=\"169\" src=\"https:\/\/www.helpaustria.at\/tr\/wp-content\/uploads\/sites\/2\/2017\/08\/augenlicht-1-300x169.jpg\" class=\"attachment-medium size-medium\" alt=\"\" \/><\/a><\/div>\t\t<\/div>\n\t\t\t<\/div>\n","protected":false},"excerpt":{"rendered":"<p>\u0130nsana ba\u011f\u0131\u015flanan en b\u00fcy\u00fck nimetlerden olan g\u00f6z\u00fcm\u00fcz\u00fcn ve g\u00f6rme yetkimizin de\u011feri tart\u0131\u015f\u0131lamaz. Lakin D\u00fcnya Sa\u011fl\u0131k \u00d6rg\u00fct\u00fcn\u00fcn (WHO) verilerine g\u00f6re, d\u00fcnya \u00e7ap\u0131nda yakla\u015f\u0131k 39,8 milyon k\u00f6r insan ya\u015famaktad\u0131r. Bunun yan\u0131 s\u0131ra yakla\u015f\u0131k 153 milyon insan, g\u00f6zl\u00fck ve di\u011fer g\u00f6rme cihazlar\u0131ndan mahrum kald\u0131\u011f\u0131 i\u00e7in g\u00f6rememektedir. Human Help olarak, Somali ve Banglade\u015f gibi \u00f6zellikle geli\u015fmekte olan \u00fclkelerde ya\u015fayan&hellip;<\/p>\n","protected":false},"author":1,"featured_media":0,"parent":0,"menu_order":0,"comment_status":"closed","ping_status":"closed","template":"","meta":{"footnotes":""},"class_list":["post-13","page","type-page","status-publish","hentry"],"amp_enabled":true,"_links":{"self":[{"href":"https:\/\/www.helpaustria.at\/tr\/wp-json\/wp\/v2\/pages\/13","targetHints":{"allow":["GET"]}}],"collection":[{"href":"https:\/\/www.helpaustria.at\/tr\/wp-json\/wp\/v2\/pages"}],"about":[{"href":"https:\/\/www.helpaustria.at\/tr\/wp-json\/wp\/v2\/types\/page"}],"author":[{"embeddable":true,"href":"https:\/\/www.helpaustria.at\/tr\/wp-json\/wp\/v2\/users\/1"}],"replies":[{"embeddable":true,"href":"https:\/\/www.helpaustria.at\/tr\/wp-json\/wp\/v2\/comments?post=13"}],"version-history":[{"count":6,"href":"https:\/\/www.helpaustria.at\/tr\/wp-json\/wp\/v2\/pages\/13\/revisions"}],"predecessor-version":[{"id":989,"href":"https:\/\/www.helpaustria.at\/tr\/wp-json\/wp\/v2\/pages\/13\/revisions\/989"}],"wp:attachment":[{"href":"https:\/\/www.helpaustria.at\/tr\/wp-json\/wp\/v2\/media?parent=13"}],"curies":[{"name":"wp","href":"https:\/\/api.w.org\/{rel}","templated":true}]}}