{"id":15,"date":"2017-08-26T15:20:30","date_gmt":"2017-08-26T13:20:30","guid":{"rendered":"http:\/\/www.helpaustria.at\/dev\/tr\/?page_id=15"},"modified":"2026-04-04T11:58:20","modified_gmt":"2026-04-04T09:58:20","slug":"askida-ekmek","status":"publish","type":"page","link":"https:\/\/www.helpaustria.at\/tr\/askida-ekmek\/","title":{"rendered":"Ask\u0131da ekmek"},"content":{"rendered":"\n<div style=\"height:30px\" aria-hidden=\"true\" class=\"wp-block-spacer\"><\/div>\n\n\n\n<p>Zor durumda olan insanlara umut olmay\u0131 hedefliyoruz. Ask\u0131da ekmek projemizle, farkl\u0131 \u00fclkelerde yard\u0131ma ihtiyac\u0131 olan insanlar\u0131n yan\u0131nda oluyoruz.<\/p>\n\n\n\n<p>Yerel ortaklar\u0131m\u0131zla birlikte, d\u00fczenli olarak taze ekmek ula\u015ft\u0131r\u0131yoruz. <\/p>\n\n\n\n<p><strong>Siz de deste\u011finizle daha fazla insana umut olabilirsiniz.<\/strong><\/p>\n\n\n\n<div style=\"height:50px\" aria-hidden=\"true\" class=\"wp-block-spacer\"><\/div>\n\n\n\n<p>Empf\u00e4nger: Human Help Austria<br>IBAN: AT96 1200 0512 8005 5305<br>BIC: BKAUATWW<br>Verwendungszweck: Brot<\/p>\n\n\n\n<div style=\"height:30px\" aria-hidden=\"true\" class=\"wp-block-spacer\"><\/div>\n\n\n\n<figure class=\"wp-block-gallery has-nested-images columns-default is-cropped wp-block-gallery-1 is-layout-flex wp-block-gallery-is-layout-flex\">\n<figure class=\"wp-block-image size-large\"><img fetchpriority=\"high\" decoding=\"async\" width=\"300\" height=\"199\" data-id=\"1615\" src=\"https:\/\/www.helpaustria.at\/tr\/wp-content\/uploads\/sites\/2\/2026\/04\/WhatsApp-Image-2020-12-30-at-19.08.54-4-300x199-1.jpeg\" alt=\"\" class=\"wp-image-1615\" srcset=\"https:\/\/www.helpaustria.at\/tr\/wp-content\/uploads\/sites\/2\/2026\/04\/WhatsApp-Image-2020-12-30-at-19.08.54-4-300x199-1.jpeg 300w, https:\/\/www.helpaustria.at\/tr\/wp-content\/uploads\/sites\/2\/2026\/04\/WhatsApp-Image-2020-12-30-at-19.08.54-4-300x199-1-150x100.jpeg 150w\" sizes=\"(max-width: 300px) 100vw, 300px\" \/><\/figure>\n\n\n\n<figure class=\"wp-block-image size-large\"><img decoding=\"async\" width=\"300\" height=\"200\" data-id=\"1618\" src=\"https:\/\/www.helpaustria.at\/tr\/wp-content\/uploads\/sites\/2\/2026\/04\/IMG_2700-300x200-1.jpg\" alt=\"\" class=\"wp-image-1618\" srcset=\"https:\/\/www.helpaustria.at\/tr\/wp-content\/uploads\/sites\/2\/2026\/04\/IMG_2700-300x200-1.jpg 300w, https:\/\/www.helpaustria.at\/tr\/wp-content\/uploads\/sites\/2\/2026\/04\/IMG_2700-300x200-1-150x100.jpg 150w\" sizes=\"(max-width: 300px) 100vw, 300px\" \/><\/figure>\n\n\n\n<figure class=\"wp-block-image size-large\"><img decoding=\"async\" width=\"300\" height=\"199\" data-id=\"1619\" src=\"https:\/\/www.helpaustria.at\/tr\/wp-content\/uploads\/sites\/2\/2026\/04\/WhatsApp-Image-2020-12-30-at-19.08.54-300x199-1.jpeg\" alt=\"\" class=\"wp-image-1619\" srcset=\"https:\/\/www.helpaustria.at\/tr\/wp-content\/uploads\/sites\/2\/2026\/04\/WhatsApp-Image-2020-12-30-at-19.08.54-300x199-1.jpeg 300w, https:\/\/www.helpaustria.at\/tr\/wp-content\/uploads\/sites\/2\/2026\/04\/WhatsApp-Image-2020-12-30-at-19.08.54-300x199-1-150x100.jpeg 150w\" sizes=\"(max-width: 300px) 100vw, 300px\" \/><\/figure>\n\n\n\n<figure class=\"wp-block-image size-large\"><img loading=\"lazy\" decoding=\"async\" width=\"300\" height=\"200\" data-id=\"1616\" src=\"https:\/\/www.helpaustria.at\/tr\/wp-content\/uploads\/sites\/2\/2026\/04\/IMG_5418-300x200-1.jpg\" alt=\"\" class=\"wp-image-1616\" srcset=\"https:\/\/www.helpaustria.at\/tr\/wp-content\/uploads\/sites\/2\/2026\/04\/IMG_5418-300x200-1.jpg 300w, https:\/\/www.helpaustria.at\/tr\/wp-content\/uploads\/sites\/2\/2026\/04\/IMG_5418-300x200-1-150x100.jpg 150w\" sizes=\"(max-width: 300px) 100vw, 300px\" \/><\/figure>\n\n\n\n<figure class=\"wp-block-image size-large\"><img loading=\"lazy\" decoding=\"async\" width=\"300\" height=\"200\" data-id=\"1614\" src=\"https:\/\/www.helpaustria.at\/tr\/wp-content\/uploads\/sites\/2\/2026\/04\/IMG_5410-300x200-1.jpg\" alt=\"\" class=\"wp-image-1614\" srcset=\"https:\/\/www.helpaustria.at\/tr\/wp-content\/uploads\/sites\/2\/2026\/04\/IMG_5410-300x200-1.jpg 300w, https:\/\/www.helpaustria.at\/tr\/wp-content\/uploads\/sites\/2\/2026\/04\/IMG_5410-300x200-1-150x100.jpg 150w\" sizes=\"(max-width: 300px) 100vw, 300px\" \/><\/figure>\n\n\n\n<figure class=\"wp-block-image size-large\"><img loading=\"lazy\" decoding=\"async\" width=\"300\" height=\"200\" data-id=\"1617\" src=\"https:\/\/www.helpaustria.at\/tr\/wp-content\/uploads\/sites\/2\/2026\/04\/IMG_5540-300x200-1.jpg\" alt=\"\" class=\"wp-image-1617\" srcset=\"https:\/\/www.helpaustria.at\/tr\/wp-content\/uploads\/sites\/2\/2026\/04\/IMG_5540-300x200-1.jpg 300w, https:\/\/www.helpaustria.at\/tr\/wp-content\/uploads\/sites\/2\/2026\/04\/IMG_5540-300x200-1-150x100.jpg 150w\" sizes=\"(max-width: 300px) 100vw, 300px\" \/><\/figure>\n<\/figure>\n\n\n\n<div style=\"height:70px\" aria-hidden=\"true\" class=\"wp-block-spacer\"><\/div>\n\n\n\n<div class=\"wp-block-buttons is-layout-flex wp-block-buttons-is-layout-flex\">\n<div class=\"wp-block-button has-custom-width wp-block-button__width-100\"><a class=\"wp-block-button__link has-midnight-gradient-background has-background wp-element-button\" href=\"https:\/\/www.helpaustria.at\/tr\/online-bagis\/\">Gelin, birlikte payla\u015fman\u0131n g\u00fcc\u00fcn\u00fc g\u00f6sterelim!<\/a><\/div>\n<\/div>\n","protected":false},"excerpt":{"rendered":"<p>Zor durumda olan insanlara umut olmay\u0131 hedefliyoruz. Ask\u0131da ekmek projemizle, farkl\u0131 \u00fclkelerde yard\u0131ma ihtiyac\u0131 olan insanlar\u0131n yan\u0131nda oluyoruz. Yerel ortaklar\u0131m\u0131zla birlikte, d\u00fczenli olarak taze ekmek ula\u015ft\u0131r\u0131yoruz. Siz de deste\u011finizle daha fazla insana umut olabilirsiniz. Empf\u00e4nger: Human Help AustriaIBAN: AT96 1200 0512 8005 5305BIC: BKAUATWWVerwendungszweck: Brot<\/p>\n","protected":false},"author":1,"featured_media":1620,"parent":0,"menu_order":0,"comment_status":"closed","ping_status":"closed","template":"","meta":{"footnotes":""},"class_list":["post-15","page","type-page","status-publish","has-post-thumbnail","hentry"],"amp_enabled":true,"_links":{"self":[{"href":"https:\/\/www.helpaustria.at\/tr\/wp-json\/wp\/v2\/pages\/15","targetHints":{"allow":["GET"]}}],"collection":[{"href":"https:\/\/www.helpaustria.at\/tr\/wp-json\/wp\/v2\/pages"}],"about":[{"href":"https:\/\/www.helpaustria.at\/tr\/wp-json\/wp\/v2\/types\/page"}],"author":[{"embeddable":true,"href":"https:\/\/www.helpaustria.at\/tr\/wp-json\/wp\/v2\/users\/1"}],"replies":[{"embeddable":true,"href":"https:\/\/www.helpaustria.at\/tr\/wp-json\/wp\/v2\/comments?post=15"}],"version-history":[{"count":10,"href":"https:\/\/www.helpaustria.at\/tr\/wp-json\/wp\/v2\/pages\/15\/revisions"}],"predecessor-version":[{"id":1622,"href":"https:\/\/www.helpaustria.at\/tr\/wp-json\/wp\/v2\/pages\/15\/revisions\/1622"}],"wp:featuredmedia":[{"embeddable":true,"href":"https:\/\/www.helpaustria.at\/tr\/wp-json\/wp\/v2\/media\/1620"}],"wp:attachment":[{"href":"https:\/\/www.helpaustria.at\/tr\/wp-json\/wp\/v2\/media?parent=15"}],"curies":[{"name":"wp","href":"https:\/\/api.w.org\/{rel}","templated":true}]}}