{"id":17,"date":"2017-08-26T15:21:01","date_gmt":"2017-08-26T13:21:01","guid":{"rendered":"http:\/\/www.helpaustria.at\/dev\/tr\/?page_id=17"},"modified":"2025-09-16T16:06:41","modified_gmt":"2025-09-16T14:06:41","slug":"su-kuyusu","status":"publish","type":"page","link":"https:\/\/www.helpaustria.at\/tr\/su-kuyusu\/","title":{"rendered":"Su kuyusu"},"content":{"rendered":"\t\t<div data-elementor-type=\"wp-page\" data-elementor-id=\"17\" class=\"elementor elementor-17\">\n\t\t\t\t\t\t<section class=\"elementor-section elementor-top-section elementor-element elementor-element-40893ba6 elementor-section-boxed elementor-section-height-default elementor-section-height-default\" data-id=\"40893ba6\" data-element_type=\"section\" data-e-type=\"section\">\n\t\t\t\t\t\t<div class=\"elementor-container elementor-column-gap-default\">\n\t\t\t\t\t<div class=\"elementor-column elementor-col-100 elementor-top-column elementor-element elementor-element-5653adf5\" data-id=\"5653adf5\" data-element_type=\"column\" data-e-type=\"column\">\n\t\t\t<div class=\"elementor-widget-wrap elementor-element-populated\">\n\t\t\t\t\t\t<div class=\"elementor-element elementor-element-77029cb3 elementor-widget elementor-widget-text-editor\" data-id=\"77029cb3\" data-element_type=\"widget\" data-e-type=\"widget\" data-widget_type=\"text-editor.default\">\n\t\t\t\t<div class=\"elementor-widget-container\">\n\t\t\t\t\t\t\t\t\t<p><\/p>\n<p><\/p>\n<div class=\"wp-block-group\"><div class=\"wp-block-group__inner-container is-layout-flow wp-block-group-is-layout-flow\">\n<p><\/p>\n<div class=\"wp-block-columns is-layout-flex wp-container-core-columns-is-layout-9d6595d7 wp-block-columns-is-layout-flex\">\n<p><\/p>\n<div class=\"wp-block-column is-layout-flow wp-block-column-is-layout-flow\" style=\"flex-basis: 100%;\">\n<p><\/p>\n<div class=\"wp-block-group\"><div class=\"wp-block-group__inner-container is-layout-flow wp-block-group-is-layout-flow\">\n<p><\/p>\n<div class=\"wp-block-columns is-layout-flex wp-container-core-columns-is-layout-9d6595d7 wp-block-columns-is-layout-flex\">\n<p><\/p>\n<div class=\"wp-block-column is-layout-flow wp-block-column-is-layout-flow\" style=\"flex-basis: 100%;\">\n<p><\/p>\n<header class=\"wp-block-group\"><div class=\"wp-block-group__inner-container is-layout-flow wp-block-group-is-layout-flow\"><p><\/p>\n<p>Su kuyusu a\u00e7t\u0131rmak veya yap\u0131m\u0131nda destek olmak, Sadaka-i Cariyenin en faziletlilerindendir. Bu sebeptendir ki, Human Help olarak su kuyusu projesini y\u0131llard\u0131r b\u00fcy\u00fck titizlik ve istikrar ile sizlerinde yard\u0131mlar\u0131 sayesinde \u00fc\u00e7 k\u0131tada ve toplamda 9 \u00fclkede y\u00fcr\u00fctmekeyiz.Bir su kuyusunun maliyeti 1050\u20ac\u00b4dan ba\u015flay\u0131p, \u00fclkeden \u00fclkeye farkl\u0131l\u0131k g\u00f6stermektedir. Kuyular\u0131n derinli\u011fi, yararlanan aile say\u0131s\u0131 ve el ile d\u00f6nen veya elektrikli pompa t\u00fcrleri bu maliyeti belirlemede \u00f6nem ta\u015f\u0131yan di\u011fer \u00f6l\u00e7\u00fctlerdendir. Bir su kuyusu a\u00e7ma i\u015flemi yakla\u015f\u0131k 4 ile 6 ay kadar s\u00fcrer. Su kuyusunun tam maliyetini kar\u015f\u0131layan ki\u015fi, kuyusuna diledi\u011fi ismi verebilir. Kuyunun yap\u0131m\u0131 bittikten sonra, kendisine kuyunun yap\u0131m\u0131n\u0131n ilk hali ve kullan\u0131ma haz\u0131r hali foto\u011fraf ve bilgilerle birlikte raporlan\u0131p ki\u015finin adresine g\u00f6nderilir.<\/p>\n<p>Bir milyardan fazla insan\u0131n temiz su hasreti \u00e7ekti\u011fi bu d\u00fcnyada, yoksullara su ula\u015ft\u0131rmada bize yard\u0131mc\u0131 olabilir ve Sadaka-i Cariyenizi bu projemize destek olarak verebilirsiniz. Bu ba\u011flamda su kuyusu projemize ister 15\u20ac ba\u011f\u0131\u015f ile k\u00fc\u00e7\u00fck miktarda destek olabilir veya bir su kuyusunun maliyetinin tamam\u0131n\u0131 \u00fcstlenebilirsiniz. \u0130sterseniz tam maliyeti alt\u0131 ayl\u0131k s\u00fcre i\u00e7erisinde kuyunuz tamamlanana kadar \u00f6deyebilirsiniz.<\/p>\n<p>Su kuyusu fiyatlar\u0131<\/p>\n<table style=\"height: 595px;\" width=\"638\" cellpadding=\"5\">\n<thead>\n<tr>\n<th>\u00dclke<\/th>\n<th>Kuyu Derinli\u011fi<\/th>\n<th>Faydalanan Aile Say\u0131s\u0131<\/th>\n<th>Pompa T\u00fcr\u00fc<\/th>\n<th>Maliyeti<\/th>\n<\/tr>\n<\/thead>\n<tbody>\n<tr>\n<td>Banglade\u015f<\/td>\n<td>160-230 m<\/td>\n<td>30<\/td>\n<td>manuel<\/td>\n<td>\u20ac 1.050,-<\/td>\n<\/tr>\n<tr>\n<td>Gana<\/td>\n<td>8 m<\/td>\n<td>40<\/td>\n<td>manuel<\/td>\n<td>\u20ac 1.190,-<\/td>\n<\/tr>\n<tr>\n<td>Endonezya**<\/td>\n<td>20 m<\/td>\n<td>5<\/td>\n<td>elektirikli<\/td>\n<td>\u20ac 1.500,-<\/td>\n<\/tr>\n<tr>\n<td>Tanzanya*<\/td>\n<td>16-25 m<\/td>\n<td>40<\/td>\n<td>elektrikli<\/td>\n<td>\u20ac 2.200,-<\/td>\n<\/tr>\n<tr>\n<td>Somali<\/td>\n<td>15 m<\/td>\n<td>100<\/td>\n<td>manuel<\/td>\n<td>\u20ac 3.000,-<\/td>\n<\/tr>\n<tr>\n<td>Yemen<\/td>\n<td>15 m<\/td>\n<td>350<\/td>\n<td>manuel<\/td>\n<td>\u20ac 5.200,-<\/td>\n<\/tr>\n<tr>\n<td>&nbsp;<\/td>\n<td>&nbsp;<\/td>\n<td>&nbsp;<\/td>\n<td>&nbsp;<\/td>\n<td>&nbsp;<\/td>\n<\/tr>\n<\/tbody>\n<\/table>\n<p>*1000 Litre+ 3 adet musluk<\/p>\n<p>** Ayr\u0131ca \u00e7e\u015fmenin yan\u0131na bir de tuvalet yap\u0131lacakt\u0131r<\/p>\n<p><strong>Banka Bilgileri<\/strong><br>Human Help Austria<br>Bank:&nbsp;Bank Austria<br>IBAN: AT96 1200 0512 8005 5305<br>BIC: BKAUATWW<\/p>\n<p><\/p>\n<\/div><\/header>\n<p><\/p>\n<\/div>\n<p><\/p>\n<\/div>\n<p><\/p>\n<\/div><\/div>\n<p><\/p>\n<\/div>\n<p><\/p>\n<\/div>\n<p><\/p>\n<\/div><\/div>\n<p><\/p>\n<p><\/p>\n<p><\/p>\n<p>\n<\/p>\n<p><\/p>\n<p><\/p>\n<figure class=\"wp-block-gallery has-nested-images columns-4 is-cropped wp-block-gallery-2 is-layout-flex wp-block-gallery-is-layout-flex\"><p><\/p>\n<figure><a href=\"https:\/\/www.helpaustria.at\/tr\/wp-content\/uploads\/sites\/2\/2021\/07\/U0A1947-scaled.jpg\"><img decoding=\"async\" data-id=\"769\" src=\"https:\/\/www.helpaustria.at\/tr\/wp-content\/uploads\/sites\/2\/2021\/07\/U0A1947-scaled.jpg\" alt=\"\"><\/a><\/figure>\n<p><\/p>\n<p><\/p>\n<figure><a href=\"https:\/\/www.helpaustria.at\/tr\/wp-content\/uploads\/sites\/2\/2021\/07\/U0A1904-scaled.jpg\"><img decoding=\"async\" data-id=\"775\" src=\"https:\/\/www.helpaustria.at\/tr\/wp-content\/uploads\/sites\/2\/2021\/07\/U0A1904-scaled.jpg\" alt=\"\"><\/a><\/figure>\n<p><\/p>\n<p><\/p>\n<figure><a href=\"https:\/\/www.helpaustria.at\/tr\/wp-content\/uploads\/sites\/2\/2021\/07\/U0A1928-scaled.jpg\"><img decoding=\"async\" data-id=\"770\" src=\"https:\/\/www.helpaustria.at\/tr\/wp-content\/uploads\/sites\/2\/2021\/07\/U0A1928-scaled.jpg\" alt=\"\"><\/a><\/figure>\n<p><\/p>\n<p><\/p>\n<figure><a href=\"https:\/\/www.helpaustria.at\/tr\/wp-content\/uploads\/sites\/2\/2021\/07\/DU0A1441-scaled.jpg\"><img decoding=\"async\" data-id=\"772\" src=\"https:\/\/www.helpaustria.at\/tr\/wp-content\/uploads\/sites\/2\/2021\/07\/DU0A1441-scaled.jpg\" alt=\"\"><\/a><\/figure>\n<p><\/p>\n<p><\/p>\n<figure><a href=\"https:\/\/www.helpaustria.at\/tr\/wp-content\/uploads\/sites\/2\/2021\/07\/IMG_20201011_110854-scaled.jpg\"><img decoding=\"async\" data-id=\"776\" src=\"https:\/\/www.helpaustria.at\/tr\/wp-content\/uploads\/sites\/2\/2021\/07\/IMG_20201011_110854-scaled.jpg\" alt=\"\"><\/a><\/figure>\n<p><\/p>\n<p><\/p>\n<figure><a href=\"https:\/\/www.helpaustria.at\/tr\/wp-content\/uploads\/sites\/2\/2021\/07\/1C-D-scaled.jpg\"><img decoding=\"async\" data-id=\"773\" src=\"https:\/\/www.helpaustria.at\/tr\/wp-content\/uploads\/sites\/2\/2021\/07\/1C-D-scaled.jpg\" alt=\"\"><\/a><\/figure>\n<p><\/p>\n<p><\/p>\n<figure><a href=\"https:\/\/www.helpaustria.at\/tr\/wp-content\/uploads\/sites\/2\/2021\/07\/IMG_20201001_132749-scaled.jpg\"><img decoding=\"async\" data-id=\"777\" src=\"https:\/\/www.helpaustria.at\/tr\/wp-content\/uploads\/sites\/2\/2021\/07\/IMG_20201001_132749-scaled.jpg\" alt=\"\"><\/a><\/figure>\n<p><\/p>\n<p><\/p>\n<figure><a href=\"https:\/\/www.helpaustria.at\/tr\/wp-content\/uploads\/sites\/2\/2021\/07\/U0A1916-scaled.jpg\"><img decoding=\"async\" data-id=\"774\" src=\"https:\/\/www.helpaustria.at\/tr\/wp-content\/uploads\/sites\/2\/2021\/07\/U0A1916-scaled.jpg\" alt=\"\"><\/a><\/figure>\n<p><\/p>\n<\/figure>\n<p><\/p>\n<p>1050<\/p>\t\t\t\t\t\t\t\t<\/div>\n\t\t\t\t<\/div>\n\t\t\t\t\t<\/div>\n\t\t<\/div>\n\t\t\t\t\t<\/div>\n\t\t<\/section>\n\t\t\t\t<\/div>\n\t\t","protected":false},"excerpt":{"rendered":"<p>Su kuyusu a\u00e7t\u0131rmak veya yap\u0131m\u0131nda destek olmak, Sadaka-i Cariyenin en faziletlilerindendir. Bu sebeptendir ki, Human Help olarak su kuyusu projesini y\u0131llard\u0131r b\u00fcy\u00fck titizlik ve istikrar ile sizlerinde yard\u0131mlar\u0131 sayesinde \u00fc\u00e7 k\u0131tada ve toplamda 9 \u00fclkede y\u00fcr\u00fctmekeyiz.Bir su kuyusunun maliyeti 1050\u20ac\u00b4dan ba\u015flay\u0131p, \u00fclkeden \u00fclkeye farkl\u0131l\u0131k g\u00f6stermektedir. Kuyular\u0131n derinli\u011fi, yararlanan aile say\u0131s\u0131 ve el ile d\u00f6nen veya&hellip;<\/p>\n","protected":false},"author":1,"featured_media":0,"parent":0,"menu_order":0,"comment_status":"closed","ping_status":"closed","template":"","meta":{"footnotes":""},"class_list":["post-17","page","type-page","status-publish","hentry"],"amp_enabled":true,"_links":{"self":[{"href":"https:\/\/www.helpaustria.at\/tr\/wp-json\/wp\/v2\/pages\/17","targetHints":{"allow":["GET"]}}],"collection":[{"href":"https:\/\/www.helpaustria.at\/tr\/wp-json\/wp\/v2\/pages"}],"about":[{"href":"https:\/\/www.helpaustria.at\/tr\/wp-json\/wp\/v2\/types\/page"}],"author":[{"embeddable":true,"href":"https:\/\/www.helpaustria.at\/tr\/wp-json\/wp\/v2\/users\/1"}],"replies":[{"embeddable":true,"href":"https:\/\/www.helpaustria.at\/tr\/wp-json\/wp\/v2\/comments?post=17"}],"version-history":[{"count":63,"href":"https:\/\/www.helpaustria.at\/tr\/wp-json\/wp\/v2\/pages\/17\/revisions"}],"predecessor-version":[{"id":1089,"href":"https:\/\/www.helpaustria.at\/tr\/wp-json\/wp\/v2\/pages\/17\/revisions\/1089"}],"wp:attachment":[{"href":"https:\/\/www.helpaustria.at\/tr\/wp-json\/wp\/v2\/media?parent=17"}],"curies":[{"name":"wp","href":"https:\/\/api.w.org\/{rel}","templated":true}]}}