{"id":19,"date":"2017-08-26T15:21:46","date_gmt":"2017-08-26T13:21:46","guid":{"rendered":"http:\/\/www.helpaustria.at\/dev\/tr\/?page_id=19"},"modified":"2017-09-28T23:14:17","modified_gmt":"2017-09-28T21:14:17","slug":"vakif-destekleme","status":"publish","type":"page","link":"https:\/\/www.helpaustria.at\/tr\/vakif-destekleme\/","title":{"rendered":"Vak\u0131f destekleme"},"content":{"rendered":"<div style=\"text-align: justify\">Bu projeye verece\u011finiz destek ile yetimhane, yetimler i\u00e7in okul ve medrese gibi kamu yarar\u0131na \u00e7al\u0131\u015fan m\u00fcesseseler kurmam\u0131za yard\u0131mc\u0131 olabilirsiniz. Ba\u011f\u0131\u015flayaca\u011f\u0131n\u0131z 15\u20ac ile bir vak\u0131f hissesi temin edebilir ve bu sayede y\u00fczlerce \u00e7ocu\u011fun e\u011fitimine destek olabilirsiniz. Vak\u0131f yap\u0131m\u0131na destek olan ki\u015fi, ba\u015fkalar\u0131na yard\u0131mc\u0131 olman\u0131n mutlulu\u011funu ya\u015farken, bu vak\u0131f m\u00fcessesinin imkanlar\u0131ndan yararlanan ki\u015fi ve kurumlar ise, e\u011fitim ve bar\u0131nma ihtiyac\u0131 kar\u015f\u0131lanm\u0131\u015f olman\u0131n hazz\u0131n\u0131 duyacakt\u0131r. B\u00f6ylelikle her iki taraf bu yard\u0131mla\u015fmadan \u015f\u00fcphesiz ho\u015fnut kalacaklard\u0131r. Vak\u0131f yap\u0131m\u0131 projemiz Cibuti, Endonezya, Sri Lanka, Bosna-Hersek ve Filistin gibi \u00fclkelerde ger\u00e7ekle\u015fmektedir.<\/div>\n<div class=\"ui divider\"><\/div>\n<div class=\"ui four column internally celled stackable gallery grid\">\n\t\t\t\t<div class=\"column\">\n\t\t\t<div class=\"ui rounded image\"><a class=\"ui rounded image\" href='https:\/\/www.helpaustria.at\/tr\/wp-content\/uploads\/sites\/2\/2017\/08\/stiftung-1.jpg'><img fetchpriority=\"high\" decoding=\"async\" width=\"300\" height=\"198\" src=\"https:\/\/www.helpaustria.at\/tr\/wp-content\/uploads\/sites\/2\/2017\/08\/stiftung-1-300x198.jpg\" class=\"attachment-medium size-medium\" alt=\"\" \/><\/a><\/div>\t\t<\/div>\n\t\t\t\t<div class=\"column\">\n\t\t\t<div class=\"ui rounded image\"><a class=\"ui rounded image\" href='https:\/\/www.helpaustria.at\/tr\/wp-content\/uploads\/sites\/2\/2017\/08\/stiftung-2.jpg'><img decoding=\"async\" width=\"200\" height=\"300\" src=\"https:\/\/www.helpaustria.at\/tr\/wp-content\/uploads\/sites\/2\/2017\/08\/stiftung-2-200x300.jpg\" class=\"attachment-medium size-medium\" alt=\"\" \/><\/a><\/div>\t\t<\/div>\n\t\t\t<\/div><\/p>\n","protected":false},"excerpt":{"rendered":"<p>Bu projeye verece\u011finiz destek ile yetimhane, yetimler i\u00e7in okul ve medrese gibi kamu yarar\u0131na \u00e7al\u0131\u015fan m\u00fcesseseler kurmam\u0131za yard\u0131mc\u0131 olabilirsiniz. Ba\u011f\u0131\u015flayaca\u011f\u0131n\u0131z 15\u20ac ile bir vak\u0131f hissesi temin edebilir ve bu sayede y\u00fczlerce \u00e7ocu\u011fun e\u011fitimine destek olabilirsiniz. Vak\u0131f yap\u0131m\u0131na destek olan ki\u015fi, ba\u015fkalar\u0131na yard\u0131mc\u0131 olman\u0131n mutlulu\u011funu ya\u015farken, bu vak\u0131f m\u00fcessesinin imkanlar\u0131ndan yararlanan ki\u015fi ve kurumlar ise, e\u011fitim&hellip;<\/p>\n","protected":false},"author":1,"featured_media":0,"parent":0,"menu_order":0,"comment_status":"closed","ping_status":"closed","template":"","meta":{"footnotes":""},"class_list":["post-19","page","type-page","status-publish","hentry"],"amp_enabled":true,"_links":{"self":[{"href":"https:\/\/www.helpaustria.at\/tr\/wp-json\/wp\/v2\/pages\/19","targetHints":{"allow":["GET"]}}],"collection":[{"href":"https:\/\/www.helpaustria.at\/tr\/wp-json\/wp\/v2\/pages"}],"about":[{"href":"https:\/\/www.helpaustria.at\/tr\/wp-json\/wp\/v2\/types\/page"}],"author":[{"embeddable":true,"href":"https:\/\/www.helpaustria.at\/tr\/wp-json\/wp\/v2\/users\/1"}],"replies":[{"embeddable":true,"href":"https:\/\/www.helpaustria.at\/tr\/wp-json\/wp\/v2\/comments?post=19"}],"version-history":[{"count":5,"href":"https:\/\/www.helpaustria.at\/tr\/wp-json\/wp\/v2\/pages\/19\/revisions"}],"predecessor-version":[{"id":125,"href":"https:\/\/www.helpaustria.at\/tr\/wp-json\/wp\/v2\/pages\/19\/revisions\/125"}],"wp:attachment":[{"href":"https:\/\/www.helpaustria.at\/tr\/wp-json\/wp\/v2\/media?parent=19"}],"curies":[{"name":"wp","href":"https:\/\/api.w.org\/{rel}","templated":true}]}}