{"id":21,"date":"2017-08-26T15:22:17","date_gmt":"2017-08-26T13:22:17","guid":{"rendered":"http:\/\/www.helpaustria.at\/dev\/tr\/?page_id=21"},"modified":"2025-07-10T16:31:27","modified_gmt":"2025-07-10T14:31:27","slug":"sut-kecisi","status":"publish","type":"page","link":"https:\/\/www.helpaustria.at\/tr\/sut-kecisi\/","title":{"rendered":"S\u00fct ke\u00e7isi"},"content":{"rendered":"\n<div class=\"wp-block-columns is-layout-flex wp-container-core-columns-is-layout-9d6595d7 wp-block-columns-is-layout-flex\">\n<div class=\"wp-block-column is-layout-flow wp-block-column-is-layout-flow\" style=\"flex-basis:100%\">\n<div class=\"wp-block-group\"><div class=\"wp-block-group__inner-container is-layout-flow wp-block-group-is-layout-flow\">\n<div class=\"wp-block-columns is-layout-flex wp-container-core-columns-is-layout-9d6595d7 wp-block-columns-is-layout-flex\">\n<div class=\"wp-block-column is-layout-flow wp-block-column-is-layout-flow\" style=\"flex-basis:100%\">\n<div style=\"text-align: justify;\">S\u00fct Ke\u00e7isi projesi ile ihtiya\u00e7 sahibi ailelere kendi ihtiya\u00e7lar\u0131 i\u00e7in s\u00fct, peynir ve yo\u011furt gibi g\u0131dalar\u0131 \u00fcretmelerinin yan\u0131nda, maddi kazan\u00e7 imkan\u0131 vermi\u015f olacaks\u0131n\u0131z. Bununla birlikte maddi imkan\u0131 olmayan aileler kendi ayaklar\u0131 \u00fczerinde ya\u015fama \u015fans\u0131na sahip olacakt\u0131r. Siz de Somali\u2018de ihtiya\u00e7 sahibi ailelerimize 200 \u20ac kar\u015f\u0131l\u0131\u011f\u0131nda 3 tane ke\u00e7i ba\u011f\u0131\u015flay\u0131p, ailelerin ge\u00e7im m\u00fccadelerinde onlara destek verebilirsiniz. Bir di\u011fer se\u00e7enek ise, Banglade\u015f\u2018de 200 \u20ac kar\u015f\u0131l\u0131\u011f\u0131nda bir aileye bir ke\u00e7i hediye edebilirsiniz. <strong>Ke\u00e7i ge\u00e7im demektir. Ge\u00e7im vakfedin!<\/strong><\/div>\n\n\n\n<div class=\"ui divider\"><\/div><br><div class=\"ui header\">Fiyatlar<\/div>\n\n\n\n<figure class=\"wp-block-table is-style-regular\"><table class=\"ui celled table\"><thead><tr><th>\u00dclke<\/th><th>Ke\u00e7i say\u0131s\u0131<\/th><th>Fiyat<\/th><\/tr><\/thead><tbody><tr><td>Somali<\/td><td>3<\/td><td>250,- \u20ac<\/td><\/tr><tr><td>Banglade\u015f<\/td><td>3<\/td><td>250,- \u20ac<\/td><\/tr><\/tbody><\/table><\/figure>\n\n\n<div class=\"ui divider\"><\/div>\n\n\n\n<figure class=\"wp-block-gallery has-nested-images columns-4 is-cropped wp-block-gallery-1 is-layout-flex wp-block-gallery-is-layout-flex\">\n<figure class=\"wp-block-image size-large\"><a href=\"https:\/\/www.helpaustria.at\/tr\/wp-content\/uploads\/sites\/2\/2021\/07\/WhatsApp-Image-2020-12-31-at-11.55.10.jpeg\"><img fetchpriority=\"high\" decoding=\"async\" width=\"1600\" height=\"1059\" data-id=\"780\" src=\"https:\/\/www.helpaustria.at\/tr\/wp-content\/uploads\/sites\/2\/2021\/07\/WhatsApp-Image-2020-12-31-at-11.55.10.jpeg\" alt=\"\" class=\"wp-image-780\" srcset=\"https:\/\/www.helpaustria.at\/tr\/wp-content\/uploads\/sites\/2\/2021\/07\/WhatsApp-Image-2020-12-31-at-11.55.10.jpeg 1600w, https:\/\/www.helpaustria.at\/tr\/wp-content\/uploads\/sites\/2\/2021\/07\/WhatsApp-Image-2020-12-31-at-11.55.10-300x199.jpeg 300w, https:\/\/www.helpaustria.at\/tr\/wp-content\/uploads\/sites\/2\/2021\/07\/WhatsApp-Image-2020-12-31-at-11.55.10-1024x678.jpeg 1024w, https:\/\/www.helpaustria.at\/tr\/wp-content\/uploads\/sites\/2\/2021\/07\/WhatsApp-Image-2020-12-31-at-11.55.10-768x508.jpeg 768w, https:\/\/www.helpaustria.at\/tr\/wp-content\/uploads\/sites\/2\/2021\/07\/WhatsApp-Image-2020-12-31-at-11.55.10-1536x1017.jpeg 1536w, https:\/\/www.helpaustria.at\/tr\/wp-content\/uploads\/sites\/2\/2021\/07\/WhatsApp-Image-2020-12-31-at-11.55.10-150x99.jpeg 150w\" sizes=\"(max-width: 1600px) 100vw, 1600px\" \/><\/a><\/figure>\n\n\n\n<figure class=\"wp-block-image size-large\"><a href=\"https:\/\/www.helpaustria.at\/tr\/wp-content\/uploads\/sites\/2\/2017\/08\/ziege-3.jpg\"><img decoding=\"async\" width=\"1000\" height=\"750\" data-id=\"128\" src=\"https:\/\/www.helpaustria.at\/tr\/wp-content\/uploads\/sites\/2\/2017\/08\/ziege-3.jpg\" alt=\"\" class=\"wp-image-128\" srcset=\"https:\/\/www.helpaustria.at\/tr\/wp-content\/uploads\/sites\/2\/2017\/08\/ziege-3.jpg 1000w, https:\/\/www.helpaustria.at\/tr\/wp-content\/uploads\/sites\/2\/2017\/08\/ziege-3-300x225.jpg 300w, https:\/\/www.helpaustria.at\/tr\/wp-content\/uploads\/sites\/2\/2017\/08\/ziege-3-768x576.jpg 768w, https:\/\/www.helpaustria.at\/tr\/wp-content\/uploads\/sites\/2\/2017\/08\/ziege-3-150x113.jpg 150w\" sizes=\"(max-width: 1000px) 100vw, 1000px\" \/><\/a><\/figure>\n\n\n\n<figure class=\"wp-block-image size-large\"><a href=\"https:\/\/www.helpaustria.at\/tr\/wp-content\/uploads\/sites\/2\/2021\/07\/WhatsApp-Image-2020-12-31-at-11.53.39-2.jpeg\"><img decoding=\"async\" width=\"1600\" height=\"1059\" data-id=\"779\" src=\"https:\/\/www.helpaustria.at\/tr\/wp-content\/uploads\/sites\/2\/2021\/07\/WhatsApp-Image-2020-12-31-at-11.53.39-2.jpeg\" alt=\"\" class=\"wp-image-779\" srcset=\"https:\/\/www.helpaustria.at\/tr\/wp-content\/uploads\/sites\/2\/2021\/07\/WhatsApp-Image-2020-12-31-at-11.53.39-2.jpeg 1600w, https:\/\/www.helpaustria.at\/tr\/wp-content\/uploads\/sites\/2\/2021\/07\/WhatsApp-Image-2020-12-31-at-11.53.39-2-300x199.jpeg 300w, https:\/\/www.helpaustria.at\/tr\/wp-content\/uploads\/sites\/2\/2021\/07\/WhatsApp-Image-2020-12-31-at-11.53.39-2-1024x678.jpeg 1024w, https:\/\/www.helpaustria.at\/tr\/wp-content\/uploads\/sites\/2\/2021\/07\/WhatsApp-Image-2020-12-31-at-11.53.39-2-768x508.jpeg 768w, https:\/\/www.helpaustria.at\/tr\/wp-content\/uploads\/sites\/2\/2021\/07\/WhatsApp-Image-2020-12-31-at-11.53.39-2-1536x1017.jpeg 1536w, https:\/\/www.helpaustria.at\/tr\/wp-content\/uploads\/sites\/2\/2021\/07\/WhatsApp-Image-2020-12-31-at-11.53.39-2-150x99.jpeg 150w\" sizes=\"(max-width: 1600px) 100vw, 1600px\" \/><\/a><\/figure>\n\n\n\n<figure class=\"wp-block-image size-large\"><a href=\"https:\/\/www.helpaustria.at\/tr\/wp-content\/uploads\/sites\/2\/2021\/07\/WhatsApp-Image-2020-12-31-at-11.55.10-6.jpeg\"><img loading=\"lazy\" decoding=\"async\" width=\"1600\" height=\"1059\" data-id=\"781\" src=\"https:\/\/www.helpaustria.at\/tr\/wp-content\/uploads\/sites\/2\/2021\/07\/WhatsApp-Image-2020-12-31-at-11.55.10-6.jpeg\" alt=\"\" class=\"wp-image-781\" srcset=\"https:\/\/www.helpaustria.at\/tr\/wp-content\/uploads\/sites\/2\/2021\/07\/WhatsApp-Image-2020-12-31-at-11.55.10-6.jpeg 1600w, https:\/\/www.helpaustria.at\/tr\/wp-content\/uploads\/sites\/2\/2021\/07\/WhatsApp-Image-2020-12-31-at-11.55.10-6-300x199.jpeg 300w, https:\/\/www.helpaustria.at\/tr\/wp-content\/uploads\/sites\/2\/2021\/07\/WhatsApp-Image-2020-12-31-at-11.55.10-6-1024x678.jpeg 1024w, https:\/\/www.helpaustria.at\/tr\/wp-content\/uploads\/sites\/2\/2021\/07\/WhatsApp-Image-2020-12-31-at-11.55.10-6-768x508.jpeg 768w, https:\/\/www.helpaustria.at\/tr\/wp-content\/uploads\/sites\/2\/2021\/07\/WhatsApp-Image-2020-12-31-at-11.55.10-6-1536x1017.jpeg 1536w, https:\/\/www.helpaustria.at\/tr\/wp-content\/uploads\/sites\/2\/2021\/07\/WhatsApp-Image-2020-12-31-at-11.55.10-6-150x99.jpeg 150w\" sizes=\"(max-width: 1600px) 100vw, 1600px\" \/><\/a><\/figure>\n<\/figure>\n<\/div>\n<\/div>\n<\/div><\/div>\n<\/div>\n<\/div>\n","protected":false},"excerpt":{"rendered":"<p>S\u00fct Ke\u00e7isi projesi ile ihtiya\u00e7 sahibi ailelere kendi ihtiya\u00e7lar\u0131 i\u00e7in s\u00fct, peynir ve yo\u011furt gibi g\u0131dalar\u0131 \u00fcretmelerinin yan\u0131nda, maddi kazan\u00e7 imkan\u0131 vermi\u015f olacaks\u0131n\u0131z. Bununla birlikte maddi imkan\u0131 olmayan aileler kendi ayaklar\u0131 \u00fczerinde ya\u015fama \u015fans\u0131na sahip olacakt\u0131r. Siz de Somali\u2018de ihtiya\u00e7 sahibi ailelerimize 200 \u20ac kar\u015f\u0131l\u0131\u011f\u0131nda 3 tane ke\u00e7i ba\u011f\u0131\u015flay\u0131p, ailelerin ge\u00e7im m\u00fccadelerinde onlara destek verebilirsiniz.&hellip;<\/p>\n","protected":false},"author":1,"featured_media":0,"parent":0,"menu_order":0,"comment_status":"closed","ping_status":"closed","template":"","meta":{"footnotes":""},"class_list":["post-21","page","type-page","status-publish","hentry"],"amp_enabled":true,"_links":{"self":[{"href":"https:\/\/www.helpaustria.at\/tr\/wp-json\/wp\/v2\/pages\/21","targetHints":{"allow":["GET"]}}],"collection":[{"href":"https:\/\/www.helpaustria.at\/tr\/wp-json\/wp\/v2\/pages"}],"about":[{"href":"https:\/\/www.helpaustria.at\/tr\/wp-json\/wp\/v2\/types\/page"}],"author":[{"embeddable":true,"href":"https:\/\/www.helpaustria.at\/tr\/wp-json\/wp\/v2\/users\/1"}],"replies":[{"embeddable":true,"href":"https:\/\/www.helpaustria.at\/tr\/wp-json\/wp\/v2\/comments?post=21"}],"version-history":[{"count":19,"href":"https:\/\/www.helpaustria.at\/tr\/wp-json\/wp\/v2\/pages\/21\/revisions"}],"predecessor-version":[{"id":1078,"href":"https:\/\/www.helpaustria.at\/tr\/wp-json\/wp\/v2\/pages\/21\/revisions\/1078"}],"wp:attachment":[{"href":"https:\/\/www.helpaustria.at\/tr\/wp-json\/wp\/v2\/media?parent=21"}],"curies":[{"name":"wp","href":"https:\/\/api.w.org\/{rel}","templated":true}]}}