{"id":214,"date":"2018-06-02T16:00:55","date_gmt":"2018-06-02T14:00:55","guid":{"rendered":"http:\/\/www.helpaustria.at\/tr\/?page_id=214"},"modified":"2021-07-14T12:59:10","modified_gmt":"2021-07-14T10:59:10","slug":"icme-suyu","status":"publish","type":"page","link":"https:\/\/www.helpaustria.at\/tr\/icme-suyu\/","title":{"rendered":"I\u00e7me suyu"},"content":{"rendered":"<div style=\"text-align: justify;\">Neredeyse Yemen&#8217;de \u00fc\u00e7 senedir s\u00fcregelen sava\u015f neticesinde milyonlarca insan a\u00e7l\u0131k, sefalet ve hastal\u0131klarla bo\u011fu\u015fuyor. Bu hastal\u0131klar\u0131n en ba\u015f\u0131nda gelen Mide-Ba\u011f\u0131rsak enfeksiyonu olarak bilinen Kolera hastal\u0131\u011f\u0131d\u0131r. Bu hastal\u0131\u011f\u0131 yenmen\u0131n en ba\u015f\u0131nda temiz ve tatl\u0131 su gelmektedir. Ba\u011f\u0131\u015flayaca\u011f\u0131n\u0131z bir Euro ile Yemen&#8217;de bir ki\u015finin g\u00fcnl\u00fck su ihtiyac\u0131n\u0131 kar\u015f\u0131lam\u0131\u015f oluyorsunuz. Bu hastal\u0131\u011f\u0131 yenmemiz i\u00e7in desteklerinizi bekliyoruz.<\/div>\n<div class=\"ui divider\"><\/div>\n<div class=\"ui four column internally celled stackable gallery grid\">\n\t\t\t\t<div class=\"column\">\n\t\t\t<div class=\"ui rounded image\"><a class=\"ui rounded image\" href='https:\/\/www.helpaustria.at\/tr\/wp-content\/uploads\/sites\/2\/2021\/06\/WhatsApp-Image-2021-06-21-at-00.54.30.jpeg'><img fetchpriority=\"high\" decoding=\"async\" width=\"300\" height=\"169\" src=\"https:\/\/www.helpaustria.at\/tr\/wp-content\/uploads\/sites\/2\/2021\/06\/WhatsApp-Image-2021-06-21-at-00.54.30-300x169.jpeg\" class=\"attachment-medium size-medium\" alt=\"\" \/><\/a><\/div>\t\t<\/div>\n\t\t\t\t<div class=\"column\">\n\t\t\t<div class=\"ui rounded image\"><a class=\"ui rounded image\" href='https:\/\/www.helpaustria.at\/tr\/wp-content\/uploads\/sites\/2\/2021\/06\/WhatsApp-Image-2021-06-21-at-00.54.31.jpeg'><img decoding=\"async\" width=\"300\" height=\"169\" src=\"https:\/\/www.helpaustria.at\/tr\/wp-content\/uploads\/sites\/2\/2021\/06\/WhatsApp-Image-2021-06-21-at-00.54.31-300x169.jpeg\" class=\"attachment-medium size-medium\" alt=\"\" \/><\/a><\/div>\t\t<\/div>\n\t\t\t\t<div class=\"column\">\n\t\t\t<div class=\"ui rounded image\"><a class=\"ui rounded image\" href='https:\/\/www.helpaustria.at\/tr\/wp-content\/uploads\/sites\/2\/2021\/06\/WhatsApp-Image-2021-06-21-at-00.54.32-1.jpeg'><img decoding=\"async\" width=\"300\" height=\"200\" src=\"https:\/\/www.helpaustria.at\/tr\/wp-content\/uploads\/sites\/2\/2021\/06\/WhatsApp-Image-2021-06-21-at-00.54.32-1-300x200.jpeg\" class=\"attachment-medium size-medium\" alt=\"\" \/><\/a><\/div>\t\t<\/div>\n\t\t\t\t<div class=\"column\">\n\t\t\t<div class=\"ui rounded image\"><a class=\"ui rounded image\" href='https:\/\/www.helpaustria.at\/tr\/wp-content\/uploads\/sites\/2\/2021\/06\/WhatsApp-Image-2021-06-21-at-00.54.32.jpeg'><img loading=\"lazy\" decoding=\"async\" width=\"300\" height=\"200\" src=\"https:\/\/www.helpaustria.at\/tr\/wp-content\/uploads\/sites\/2\/2021\/06\/WhatsApp-Image-2021-06-21-at-00.54.32-300x200.jpeg\" class=\"attachment-medium size-medium\" alt=\"\" \/><\/a><\/div>\t\t<\/div>\n\t\t\t\t<div class=\"column\">\n\t\t\t<div class=\"ui rounded image\"><a class=\"ui rounded image\" href='https:\/\/www.helpaustria.at\/tr\/wp-content\/uploads\/sites\/2\/2021\/06\/WhatsApp-Image-2021-06-21-at-00.54.36.jpeg'><img loading=\"lazy\" decoding=\"async\" width=\"300\" height=\"200\" src=\"https:\/\/www.helpaustria.at\/tr\/wp-content\/uploads\/sites\/2\/2021\/06\/WhatsApp-Image-2021-06-21-at-00.54.36-300x200.jpeg\" class=\"attachment-medium size-medium\" alt=\"\" \/><\/a><\/div>\t\t<\/div>\n\t\t\t\t<div class=\"column\">\n\t\t\t<div class=\"ui rounded image\"><a class=\"ui rounded image\" href='https:\/\/www.helpaustria.at\/tr\/wp-content\/uploads\/sites\/2\/2021\/06\/WhatsApp-Image-2021-06-21-at-00.54.37-1.jpeg'><img loading=\"lazy\" decoding=\"async\" width=\"300\" height=\"200\" src=\"https:\/\/www.helpaustria.at\/tr\/wp-content\/uploads\/sites\/2\/2021\/06\/WhatsApp-Image-2021-06-21-at-00.54.37-1-300x200.jpeg\" class=\"attachment-medium size-medium\" alt=\"\" \/><\/a><\/div>\t\t<\/div>\n\t\t\t\t<div class=\"column\">\n\t\t\t<div class=\"ui rounded image\"><a class=\"ui rounded image\" href='https:\/\/www.helpaustria.at\/tr\/wp-content\/uploads\/sites\/2\/2021\/06\/WhatsApp-Image-2021-06-21-at-00.54.37-2.jpeg'><img loading=\"lazy\" decoding=\"async\" width=\"300\" height=\"200\" src=\"https:\/\/www.helpaustria.at\/tr\/wp-content\/uploads\/sites\/2\/2021\/06\/WhatsApp-Image-2021-06-21-at-00.54.37-2-300x200.jpeg\" class=\"attachment-medium size-medium\" alt=\"\" \/><\/a><\/div>\t\t<\/div>\n\t\t\t\t<div class=\"column\">\n\t\t\t<div class=\"ui rounded image\"><a class=\"ui rounded image\" href='https:\/\/www.helpaustria.at\/tr\/wp-content\/uploads\/sites\/2\/2021\/06\/WhatsApp-Image-2021-06-21-at-00.54.37-3.jpeg'><img loading=\"lazy\" decoding=\"async\" width=\"300\" height=\"200\" src=\"https:\/\/www.helpaustria.at\/tr\/wp-content\/uploads\/sites\/2\/2021\/06\/WhatsApp-Image-2021-06-21-at-00.54.37-3-300x200.jpeg\" class=\"attachment-medium size-medium\" alt=\"\" \/><\/a><\/div>\t\t<\/div>\n\t\t\t\t<div class=\"column\">\n\t\t\t<div class=\"ui rounded image\"><a class=\"ui rounded image\" href='https:\/\/www.helpaustria.at\/tr\/wp-content\/uploads\/sites\/2\/2021\/06\/WhatsApp-Image-2021-06-21-at-00.54.37.jpeg'><img loading=\"lazy\" decoding=\"async\" width=\"300\" height=\"225\" src=\"https:\/\/www.helpaustria.at\/tr\/wp-content\/uploads\/sites\/2\/2021\/06\/WhatsApp-Image-2021-06-21-at-00.54.37-300x225.jpeg\" class=\"attachment-medium size-medium\" alt=\"\" \/><\/a><\/div>\t\t<\/div>\n\t\t\t\t<div class=\"column\">\n\t\t\t<div class=\"ui rounded image\"><a class=\"ui rounded image\" href='https:\/\/www.helpaustria.at\/tr\/wp-content\/uploads\/sites\/2\/2021\/07\/WhatsApp-Image-2021-06-21-at-00.54.36-1.jpeg'><img loading=\"lazy\" decoding=\"async\" width=\"300\" height=\"200\" src=\"https:\/\/www.helpaustria.at\/tr\/wp-content\/uploads\/sites\/2\/2021\/07\/WhatsApp-Image-2021-06-21-at-00.54.36-1-300x200.jpeg\" class=\"attachment-medium size-medium\" alt=\"\" \/><\/a><\/div>\t\t<\/div>\n\t\t\t\t<div class=\"column\">\n\t\t\t<div class=\"ui rounded image\"><a class=\"ui rounded image\" href='https:\/\/www.helpaustria.at\/tr\/wp-content\/uploads\/sites\/2\/2021\/07\/WhatsApp-Image-2021-06-21-at-00.54.29.jpeg'><img loading=\"lazy\" decoding=\"async\" width=\"300\" height=\"200\" src=\"https:\/\/www.helpaustria.at\/tr\/wp-content\/uploads\/sites\/2\/2021\/07\/WhatsApp-Image-2021-06-21-at-00.54.29-300x200.jpeg\" class=\"attachment-medium size-medium\" alt=\"\" \/><\/a><\/div>\t\t<\/div>\n\t\t\t\t<div class=\"column\">\n\t\t\t<div class=\"ui rounded image\"><a class=\"ui rounded image\" href='https:\/\/www.helpaustria.at\/tr\/wp-content\/uploads\/sites\/2\/2021\/07\/WhatsApp-Image-2021-06-21-at-00.54.31-2.jpeg'><img loading=\"lazy\" decoding=\"async\" width=\"300\" height=\"200\" src=\"https:\/\/www.helpaustria.at\/tr\/wp-content\/uploads\/sites\/2\/2021\/07\/WhatsApp-Image-2021-06-21-at-00.54.31-2-300x200.jpeg\" class=\"attachment-medium size-medium\" alt=\"\" \/><\/a><\/div>\t\t<\/div>\n\t\t\t\t<div class=\"column\">\n\t\t\t<div class=\"ui rounded image\"><a class=\"ui rounded image\" href='https:\/\/www.helpaustria.at\/tr\/wp-content\/uploads\/sites\/2\/2021\/07\/WhatsApp-Image-2021-06-21-at-00.54.37-3.jpeg'><img loading=\"lazy\" decoding=\"async\" width=\"300\" height=\"225\" src=\"https:\/\/www.helpaustria.at\/tr\/wp-content\/uploads\/sites\/2\/2021\/07\/WhatsApp-Image-2021-06-21-at-00.54.37-3-300x225.jpeg\" class=\"attachment-medium size-medium\" alt=\"\" \/><\/a><\/div>\t\t<\/div>\n\t\t\t\t<div class=\"column\">\n\t\t\t<div class=\"ui rounded image\"><a class=\"ui rounded image\" href='https:\/\/www.helpaustria.at\/tr\/wp-content\/uploads\/sites\/2\/2021\/07\/WhatsApp-Image-2021-06-21-at-00.54.33-1.jpeg'><img loading=\"lazy\" decoding=\"async\" width=\"300\" height=\"200\" src=\"https:\/\/www.helpaustria.at\/tr\/wp-content\/uploads\/sites\/2\/2021\/07\/WhatsApp-Image-2021-06-21-at-00.54.33-1-300x200.jpeg\" class=\"attachment-medium size-medium\" alt=\"\" \/><\/a><\/div>\t\t<\/div>\n\t\t\t\t<div class=\"column\">\n\t\t\t<div class=\"ui rounded image\"><a class=\"ui rounded image\" href='https:\/\/www.helpaustria.at\/tr\/wp-content\/uploads\/sites\/2\/2021\/07\/WhatsApp-Image-2021-06-21-at-00.54.34.jpeg'><img loading=\"lazy\" decoding=\"async\" width=\"300\" height=\"200\" src=\"https:\/\/www.helpaustria.at\/tr\/wp-content\/uploads\/sites\/2\/2021\/07\/WhatsApp-Image-2021-06-21-at-00.54.34-300x200.jpeg\" class=\"attachment-medium size-medium\" alt=\"\" \/><\/a><\/div>\t\t<\/div>\n\t\t\t\t<div class=\"column\">\n\t\t\t<div class=\"ui rounded image\"><a class=\"ui rounded image\" href='https:\/\/www.helpaustria.at\/tr\/wp-content\/uploads\/sites\/2\/2021\/07\/WhatsApp-Image-2021-06-21-at-00.54.33.jpeg'><img loading=\"lazy\" decoding=\"async\" width=\"300\" height=\"200\" src=\"https:\/\/www.helpaustria.at\/tr\/wp-content\/uploads\/sites\/2\/2021\/07\/WhatsApp-Image-2021-06-21-at-00.54.33-300x200.jpeg\" class=\"attachment-medium size-medium\" alt=\"\" \/><\/a><\/div>\t\t<\/div>\n\t\t\t<\/div>\n","protected":false},"excerpt":{"rendered":"<p>Neredeyse Yemen&#8217;de \u00fc\u00e7 senedir s\u00fcregelen sava\u015f neticesinde milyonlarca insan a\u00e7l\u0131k, sefalet ve hastal\u0131klarla bo\u011fu\u015fuyor. Bu hastal\u0131klar\u0131n en ba\u015f\u0131nda gelen Mide-Ba\u011f\u0131rsak enfeksiyonu olarak bilinen Kolera hastal\u0131\u011f\u0131d\u0131r. Bu hastal\u0131\u011f\u0131 yenmen\u0131n en ba\u015f\u0131nda temiz ve tatl\u0131 su gelmektedir. Ba\u011f\u0131\u015flayaca\u011f\u0131n\u0131z bir Euro ile Yemen&#8217;de bir ki\u015finin g\u00fcnl\u00fck su ihtiyac\u0131n\u0131 kar\u015f\u0131lam\u0131\u015f oluyorsunuz. Bu hastal\u0131\u011f\u0131 yenmemiz i\u00e7in desteklerinizi bekliyoruz.<\/p>\n","protected":false},"author":2,"featured_media":0,"parent":0,"menu_order":0,"comment_status":"closed","ping_status":"closed","template":"","meta":{"footnotes":""},"class_list":["post-214","page","type-page","status-publish","hentry"],"amp_enabled":true,"_links":{"self":[{"href":"https:\/\/www.helpaustria.at\/tr\/wp-json\/wp\/v2\/pages\/214","targetHints":{"allow":["GET"]}}],"collection":[{"href":"https:\/\/www.helpaustria.at\/tr\/wp-json\/wp\/v2\/pages"}],"about":[{"href":"https:\/\/www.helpaustria.at\/tr\/wp-json\/wp\/v2\/types\/page"}],"author":[{"embeddable":true,"href":"https:\/\/www.helpaustria.at\/tr\/wp-json\/wp\/v2\/users\/2"}],"replies":[{"embeddable":true,"href":"https:\/\/www.helpaustria.at\/tr\/wp-json\/wp\/v2\/comments?post=214"}],"version-history":[{"count":2,"href":"https:\/\/www.helpaustria.at\/tr\/wp-json\/wp\/v2\/pages\/214\/revisions"}],"predecessor-version":[{"id":747,"href":"https:\/\/www.helpaustria.at\/tr\/wp-json\/wp\/v2\/pages\/214\/revisions\/747"}],"wp:attachment":[{"href":"https:\/\/www.helpaustria.at\/tr\/wp-json\/wp\/v2\/media?parent=214"}],"curies":[{"name":"wp","href":"https:\/\/api.w.org\/{rel}","templated":true}]}}