{"id":250,"date":"2019-08-10T14:23:00","date_gmt":"2019-08-10T12:23:00","guid":{"rendered":"http:\/\/www.helpaustria.at\/tr\/?page_id=250"},"modified":"2026-04-03T14:51:43","modified_gmt":"2026-04-03T12:51:43","slug":"kurban","status":"publish","type":"page","link":"https:\/\/www.helpaustria.at\/tr\/kurban\/","title":{"rendered":"Kurban bayram\u0131"},"content":{"rendered":"<p>Kurban, payla\u015fman\u0131n ve dayan\u0131\u015fman\u0131n en g\u00fczel sembollerinden biridir. Her y\u0131l Kurban Bayram\u0131\u2019nda, ihtiya\u00e7 sahibi ailelerin y\u00fcz\u00fcn\u00fc g\u00fcld\u00fcrmek ve sofralar\u0131na bereket getirmek i\u00e7in kurban organizasyonlar\u0131m\u0131z\u0131 \u00f6zenle y\u00fcr\u00fct\u00fcyoruz.<\/p>\n<p class=\"empty-line\">&nbsp;<\/p>\n<p><strong>Organizasyon S\u00fcrecimiz<\/strong><\/p>\n<ul>\n<li><strong>Kurbanlar\u0131n Temini:<\/strong> Partner organizasyonlar\u0131m\u0131z arac\u0131l\u0131\u011f\u0131yla hayvanlar \u00f6zenle se\u00e7ilir. Se\u00e7im s\u0131ras\u0131nda sa\u011fl\u0131k, ya\u015f ve kurban i\u00e7in uygunluk kriterlerine dikkat edilir, b\u00f6ylece t\u00fcm hayvanlar\u0131n dini kurallara uygun olmas\u0131 sa\u011flan\u0131r.<\/li>\n<li><strong>Kesim ve Hijyen:<\/strong> T\u00fcm kurbanlar, dini kurallara uygun, hijyenik ve deneyimli ekipler taraf\u0131ndan kesilir.<\/li>\n<li><strong>Da\u011f\u0131t\u0131m:<\/strong> Kurban etleri, \u00f6nceden tespit edilen ihtiya\u00e7 sahiplerine adil ve e\u015fit bir \u015fekilde da\u011f\u0131t\u0131l\u0131r.<\/li>\n<li><strong>Bildirim:<\/strong> Ba\u011f\u0131\u015f\u00e7\u0131lar\u0131m\u0131z, kurbanlar\u0131 kesildikten sonra SMS ile bilgilendirilir, b\u00f6ylece ba\u011f\u0131\u015flar\u0131n\u0131n yerine ula\u015ft\u0131\u011f\u0131n\u0131 g\u00f6rebilirler.<\/li>\n<\/ul>\n<p class=\"empty-line\">&nbsp;<\/p>\n<p><strong>Siz de kat\u0131l\u0131n<br \/><br \/><\/strong>Her ba\u011f\u0131\u015f, umut ve sevin\u00e7 yaymaya katk\u0131da bulunur. Kurban organizasyonumuzu destekleyerek, ihtiya\u00e7 sahibi ailelere yard\u0131mc\u0131 olabilirsiniz.<\/p>\n<p class=\"empty-line\">&nbsp;<\/p>\n\n\n<div style=\"height:30px\" aria-hidden=\"true\" class=\"wp-block-spacer\"><\/div>\n\n\n\n<figure class=\"wp-block-gallery has-nested-images columns-default is-cropped wp-block-gallery-1 is-layout-flex wp-block-gallery-is-layout-flex\">\n<figure class=\"wp-block-image size-full\"><img fetchpriority=\"high\" decoding=\"async\" width=\"1024\" height=\"766\" data-id=\"808\" src=\"https:\/\/www.helpaustria.at\/tr\/wp-content\/uploads\/sites\/2\/2021\/07\/WhatsApp-Image-2021-07-23-at-20.06.09-1.jpeg\" alt=\"\" class=\"wp-image-808\" srcset=\"https:\/\/www.helpaustria.at\/tr\/wp-content\/uploads\/sites\/2\/2021\/07\/WhatsApp-Image-2021-07-23-at-20.06.09-1.jpeg 1024w, https:\/\/www.helpaustria.at\/tr\/wp-content\/uploads\/sites\/2\/2021\/07\/WhatsApp-Image-2021-07-23-at-20.06.09-1-300x224.jpeg 300w, https:\/\/www.helpaustria.at\/tr\/wp-content\/uploads\/sites\/2\/2021\/07\/WhatsApp-Image-2021-07-23-at-20.06.09-1-768x575.jpeg 768w, https:\/\/www.helpaustria.at\/tr\/wp-content\/uploads\/sites\/2\/2021\/07\/WhatsApp-Image-2021-07-23-at-20.06.09-1-150x112.jpeg 150w\" sizes=\"(max-width: 1024px) 100vw, 1024px\" \/><\/figure>\n\n\n\n<figure class=\"wp-block-image size-large\"><img decoding=\"async\" width=\"1024\" height=\"761\" data-id=\"1599\" src=\"https:\/\/www.helpaustria.at\/tr\/wp-content\/uploads\/sites\/2\/2026\/04\/WhatsApp-Image-2026-04-03-at-13.19.56-3-1024x761.jpeg\" alt=\"\" class=\"wp-image-1599\" srcset=\"https:\/\/www.helpaustria.at\/tr\/wp-content\/uploads\/sites\/2\/2026\/04\/WhatsApp-Image-2026-04-03-at-13.19.56-3-1024x761.jpeg 1024w, https:\/\/www.helpaustria.at\/tr\/wp-content\/uploads\/sites\/2\/2026\/04\/WhatsApp-Image-2026-04-03-at-13.19.56-3-300x223.jpeg 300w, https:\/\/www.helpaustria.at\/tr\/wp-content\/uploads\/sites\/2\/2026\/04\/WhatsApp-Image-2026-04-03-at-13.19.56-3-768x571.jpeg 768w, https:\/\/www.helpaustria.at\/tr\/wp-content\/uploads\/sites\/2\/2026\/04\/WhatsApp-Image-2026-04-03-at-13.19.56-3-150x111.jpeg 150w, https:\/\/www.helpaustria.at\/tr\/wp-content\/uploads\/sites\/2\/2026\/04\/WhatsApp-Image-2026-04-03-at-13.19.56-3.jpeg 1206w\" sizes=\"(max-width: 1024px) 100vw, 1024px\" \/><\/figure>\n\n\n\n<figure class=\"wp-block-image size-large\"><img decoding=\"async\" width=\"1024\" height=\"761\" data-id=\"1595\" src=\"https:\/\/www.helpaustria.at\/tr\/wp-content\/uploads\/sites\/2\/2026\/04\/WhatsApp-Image-2026-04-03-at-13.19.56-1-1024x761.jpeg\" alt=\"\" class=\"wp-image-1595\" srcset=\"https:\/\/www.helpaustria.at\/tr\/wp-content\/uploads\/sites\/2\/2026\/04\/WhatsApp-Image-2026-04-03-at-13.19.56-1-1024x761.jpeg 1024w, https:\/\/www.helpaustria.at\/tr\/wp-content\/uploads\/sites\/2\/2026\/04\/WhatsApp-Image-2026-04-03-at-13.19.56-1-300x223.jpeg 300w, https:\/\/www.helpaustria.at\/tr\/wp-content\/uploads\/sites\/2\/2026\/04\/WhatsApp-Image-2026-04-03-at-13.19.56-1-768x571.jpeg 768w, https:\/\/www.helpaustria.at\/tr\/wp-content\/uploads\/sites\/2\/2026\/04\/WhatsApp-Image-2026-04-03-at-13.19.56-1-150x111.jpeg 150w, https:\/\/www.helpaustria.at\/tr\/wp-content\/uploads\/sites\/2\/2026\/04\/WhatsApp-Image-2026-04-03-at-13.19.56-1.jpeg 1206w\" sizes=\"(max-width: 1024px) 100vw, 1024px\" \/><\/figure>\n\n\n\n<figure class=\"wp-block-image size-large\"><img loading=\"lazy\" decoding=\"async\" width=\"1024\" height=\"565\" data-id=\"1596\" src=\"https:\/\/www.helpaustria.at\/tr\/wp-content\/uploads\/sites\/2\/2026\/04\/WhatsApp-Image-2026-04-03-at-13.19.56-2-1024x565.jpeg\" alt=\"\" class=\"wp-image-1596\" srcset=\"https:\/\/www.helpaustria.at\/tr\/wp-content\/uploads\/sites\/2\/2026\/04\/WhatsApp-Image-2026-04-03-at-13.19.56-2-1024x565.jpeg 1024w, https:\/\/www.helpaustria.at\/tr\/wp-content\/uploads\/sites\/2\/2026\/04\/WhatsApp-Image-2026-04-03-at-13.19.56-2-300x166.jpeg 300w, https:\/\/www.helpaustria.at\/tr\/wp-content\/uploads\/sites\/2\/2026\/04\/WhatsApp-Image-2026-04-03-at-13.19.56-2-768x424.jpeg 768w, https:\/\/www.helpaustria.at\/tr\/wp-content\/uploads\/sites\/2\/2026\/04\/WhatsApp-Image-2026-04-03-at-13.19.56-2-150x83.jpeg 150w, https:\/\/www.helpaustria.at\/tr\/wp-content\/uploads\/sites\/2\/2026\/04\/WhatsApp-Image-2026-04-03-at-13.19.56-2.jpeg 1206w\" sizes=\"(max-width: 1024px) 100vw, 1024px\" \/><\/figure>\n\n\n\n<figure class=\"wp-block-image size-full\"><img loading=\"lazy\" decoding=\"async\" width=\"640\" height=\"427\" data-id=\"885\" src=\"https:\/\/www.helpaustria.at\/tr\/wp-content\/uploads\/sites\/2\/2022\/08\/IMG-20220712-WA0098.jpg\" alt=\"\" class=\"wp-image-885\" srcset=\"https:\/\/www.helpaustria.at\/tr\/wp-content\/uploads\/sites\/2\/2022\/08\/IMG-20220712-WA0098.jpg 640w, https:\/\/www.helpaustria.at\/tr\/wp-content\/uploads\/sites\/2\/2022\/08\/IMG-20220712-WA0098-300x200.jpg 300w, https:\/\/www.helpaustria.at\/tr\/wp-content\/uploads\/sites\/2\/2022\/08\/IMG-20220712-WA0098-150x100.jpg 150w\" sizes=\"(max-width: 640px) 100vw, 640px\" \/><\/figure>\n<\/figure>\n","protected":false},"excerpt":{"rendered":"<p>Kurban, payla\u015fman\u0131n ve dayan\u0131\u015fman\u0131n en g\u00fczel sembollerinden biridir. Her y\u0131l Kurban Bayram\u0131\u2019nda, ihtiya\u00e7 sahibi ailelerin y\u00fcz\u00fcn\u00fc g\u00fcld\u00fcrmek ve sofralar\u0131na bereket getirmek i\u00e7in kurban organizasyonlar\u0131m\u0131z\u0131 \u00f6zenle y\u00fcr\u00fct\u00fcyoruz. &nbsp; Organizasyon S\u00fcrecimiz Kurbanlar\u0131n Temini: Partner organizasyonlar\u0131m\u0131z arac\u0131l\u0131\u011f\u0131yla hayvanlar \u00f6zenle se\u00e7ilir. Se\u00e7im s\u0131ras\u0131nda sa\u011fl\u0131k, ya\u015f ve kurban i\u00e7in uygunluk kriterlerine dikkat edilir, b\u00f6ylece t\u00fcm hayvanlar\u0131n dini kurallara uygun olmas\u0131&hellip;<\/p>\n","protected":false},"author":1,"featured_media":1597,"parent":0,"menu_order":0,"comment_status":"closed","ping_status":"closed","template":"","meta":{"footnotes":""},"class_list":["post-250","page","type-page","status-publish","has-post-thumbnail","hentry"],"amp_enabled":true,"_links":{"self":[{"href":"https:\/\/www.helpaustria.at\/tr\/wp-json\/wp\/v2\/pages\/250","targetHints":{"allow":["GET"]}}],"collection":[{"href":"https:\/\/www.helpaustria.at\/tr\/wp-json\/wp\/v2\/pages"}],"about":[{"href":"https:\/\/www.helpaustria.at\/tr\/wp-json\/wp\/v2\/types\/page"}],"author":[{"embeddable":true,"href":"https:\/\/www.helpaustria.at\/tr\/wp-json\/wp\/v2\/users\/1"}],"replies":[{"embeddable":true,"href":"https:\/\/www.helpaustria.at\/tr\/wp-json\/wp\/v2\/comments?post=250"}],"version-history":[{"count":28,"href":"https:\/\/www.helpaustria.at\/tr\/wp-json\/wp\/v2\/pages\/250\/revisions"}],"predecessor-version":[{"id":1607,"href":"https:\/\/www.helpaustria.at\/tr\/wp-json\/wp\/v2\/pages\/250\/revisions\/1607"}],"wp:featuredmedia":[{"embeddable":true,"href":"https:\/\/www.helpaustria.at\/tr\/wp-json\/wp\/v2\/media\/1597"}],"wp:attachment":[{"href":"https:\/\/www.helpaustria.at\/tr\/wp-json\/wp\/v2\/media?parent=250"}],"curies":[{"name":"wp","href":"https:\/\/api.w.org\/{rel}","templated":true}]}}