{"id":281,"date":"2019-10-13T17:32:24","date_gmt":"2019-10-13T15:32:24","guid":{"rendered":"http:\/\/www.helpaustria.at\/tr\/?page_id=281"},"modified":"2026-04-02T17:36:18","modified_gmt":"2026-04-02T15:36:18","slug":"online-bagis","status":"publish","type":"page","link":"https:\/\/www.helpaustria.at\/tr\/online-bagis\/","title":{"rendered":"Online-Ba\u011f\u0131\u015f"},"content":{"rendered":"\n<p><\/p>\n<iframe id=\"donation-iframe\" src=\"\/jcart?locale=tr_TR\" style=\"margin:0; width:100%; height:150px; border:none; overflow:hidden;\" scrolling=\"yes\" onload=\"AdjustIframeHeightOnLoad(); scroll(0,0);\"><\/iframe> \n\n<script type=\"text\/javascript\">\nfunction AdjustIframeHeightOnLoad() { document.getElementById(\"donation-iframe\").style.height = document.getElementById(\"donation-iframe\").contentWindow.document.body.scrollHeight + \"px\"; }\nfunction AdjustIframeHeight(i) { document.getElementById(\"donation-iframe\").style.height = parseInt(i) + \"px\"; }\n<\/script>\n\n\n\n<p><\/p>\n","protected":false},"excerpt":{"rendered":"","protected":false},"author":1,"featured_media":0,"parent":0,"menu_order":0,"comment_status":"closed","ping_status":"closed","template":"template-full-width.php","meta":{"footnotes":""},"class_list":["post-281","page","type-page","status-publish","hentry"],"amp_enabled":false,"_links":{"self":[{"href":"https:\/\/www.helpaustria.at\/tr\/wp-json\/wp\/v2\/pages\/281","targetHints":{"allow":["GET"]}}],"collection":[{"href":"https:\/\/www.helpaustria.at\/tr\/wp-json\/wp\/v2\/pages"}],"about":[{"href":"https:\/\/www.helpaustria.at\/tr\/wp-json\/wp\/v2\/types\/page"}],"author":[{"embeddable":true,"href":"https:\/\/www.helpaustria.at\/tr\/wp-json\/wp\/v2\/users\/1"}],"replies":[{"embeddable":true,"href":"https:\/\/www.helpaustria.at\/tr\/wp-json\/wp\/v2\/comments?post=281"}],"version-history":[{"count":5,"href":"https:\/\/www.helpaustria.at\/tr\/wp-json\/wp\/v2\/pages\/281\/revisions"}],"predecessor-version":[{"id":1593,"href":"https:\/\/www.helpaustria.at\/tr\/wp-json\/wp\/v2\/pages\/281\/revisions\/1593"}],"wp:attachment":[{"href":"https:\/\/www.helpaustria.at\/tr\/wp-json\/wp\/v2\/media?parent=281"}],"curies":[{"name":"wp","href":"https:\/\/api.w.org\/{rel}","templated":true}]}}