{"id":289,"date":"2019-11-22T14:47:12","date_gmt":"2019-11-22T13:47:12","guid":{"rendered":"http:\/\/www.helpaustria.at\/tr\/?page_id=289"},"modified":"2025-11-26T11:04:21","modified_gmt":"2025-11-26T10:04:21","slug":"impressum","status":"publish","type":"page","link":"https:\/\/www.helpaustria.at\/tr\/impressum\/","title":{"rendered":"Impressum"},"content":{"rendered":"<p><!--StartFragment--><\/p>\n\n\n<p><strong>Zust\u00e4ndigkeit:<br>\n<\/strong>Landespolizeidirektion Wien, Referat\nVereins-, Versammlungs- und Medienrechtsangelegenheiten<\/p>\n\n\n\n<p><strong><br> ZVR-Zahl:<\/strong><br> 459463611<\/p>\n\n\n\n<p><strong><br>\nStatutenm\u00e4\u00dfige Vertretungsregelung<\/strong><\/p>\n\n\n\n<p>Der Obmann\/die Obfrau vertritt den Verein nach\nau\u00dfen. Schriftliche Ausfertigungen des Vereines bed\u00fcrfen zu ihrer G\u00fcltigkeit\nder Unterschriften des Obmanns\/der Obfrau und des Schriftf\u00fchrers\/der Schriftf\u00fchrerin,\nin Geldangelegenheiten (Verm\u00f6genswerte, Dispositionen) des Obmanns\/der Obfrau\nund des Kassiers\/der Kassiererin. <\/p>\n\n\n\n<p> <strong>Anschrift<\/strong><br><\/p>\n\n\n\n<p>Sonnwendgasse 38 \/ Lokal 3<br>1100 Wien<br><strong><br>Bankdaten<br><\/strong>Empf\u00e4nger: Human Help \u2013 humanit\u00e4re Unterst\u00fctzung<\/p>\n\n\n\n<p>Bank: Erste Bank<\/p>\n\n\n\n<p>IBAN:\u00a0<strong> <\/strong>AT68 2011 1821 5965 6600<\/p>\n\n\n\n<p>BIC:<strong> <\/strong>GIBAATWWXXX<\/p>\n\n\n\n<p><strong><br> Organschaftliche VertreterInnen<\/strong><\/p>\n\n\n\n<p><strong>Obfrau <\/strong>: Tasnim ATIQ<br><strong>Kassier<\/strong> : Ibrahim ABDELHALIM<br><strong>Schriftf\u00fchrerin <\/strong>: Hoda ATIQ<\/p>\n\n\n<p><!--EndFragment--><\/p>","protected":false},"excerpt":{"rendered":"<p>Zust\u00e4ndigkeit: Landespolizeidirektion Wien, Referat Vereins-, Versammlungs- und Medienrechtsangelegenheiten ZVR-Zahl: 459463611 Statutenm\u00e4\u00dfige Vertretungsregelung Der Obmann\/die Obfrau vertritt den Verein nach au\u00dfen. Schriftliche Ausfertigungen des Vereines bed\u00fcrfen zu ihrer G\u00fcltigkeit der Unterschriften des Obmanns\/der Obfrau und des Schriftf\u00fchrers\/der Schriftf\u00fchrerin, in Geldangelegenheiten (Verm\u00f6genswerte, Dispositionen) des Obmanns\/der Obfrau und des Kassiers\/der Kassiererin. Anschrift Sonnwendgasse 38 \/ Lokal 31100 WienBankdatenEmpf\u00e4nger:&hellip;<\/p>\n","protected":false},"author":1,"featured_media":0,"parent":0,"menu_order":0,"comment_status":"closed","ping_status":"closed","template":"","meta":{"footnotes":""},"class_list":["post-289","page","type-page","status-publish","hentry"],"amp_enabled":true,"_links":{"self":[{"href":"https:\/\/www.helpaustria.at\/tr\/wp-json\/wp\/v2\/pages\/289","targetHints":{"allow":["GET"]}}],"collection":[{"href":"https:\/\/www.helpaustria.at\/tr\/wp-json\/wp\/v2\/pages"}],"about":[{"href":"https:\/\/www.helpaustria.at\/tr\/wp-json\/wp\/v2\/types\/page"}],"author":[{"embeddable":true,"href":"https:\/\/www.helpaustria.at\/tr\/wp-json\/wp\/v2\/users\/1"}],"replies":[{"embeddable":true,"href":"https:\/\/www.helpaustria.at\/tr\/wp-json\/wp\/v2\/comments?post=289"}],"version-history":[{"count":8,"href":"https:\/\/www.helpaustria.at\/tr\/wp-json\/wp\/v2\/pages\/289\/revisions"}],"predecessor-version":[{"id":1329,"href":"https:\/\/www.helpaustria.at\/tr\/wp-json\/wp\/v2\/pages\/289\/revisions\/1329"}],"wp:attachment":[{"href":"https:\/\/www.helpaustria.at\/tr\/wp-json\/wp\/v2\/media?parent=289"}],"curies":[{"name":"wp","href":"https:\/\/api.w.org\/{rel}","templated":true}]}}