{"id":472,"date":"2020-06-19T11:19:02","date_gmt":"2020-06-19T09:19:02","guid":{"rendered":"http:\/\/www.helpaustria.at\/tr\/?page_id=472"},"modified":"2025-11-26T10:59:46","modified_gmt":"2025-11-26T09:59:46","slug":"sikca-sorulan-sorular","status":"publish","type":"page","link":"https:\/\/www.helpaustria.at\/tr\/sikca-sorulan-sorular\/","title":{"rendered":"S\u0131k\u00e7a sorulan sorular"},"content":{"rendered":"<p><strong>Human Help Austria kimler taraf\u0131ndan ve hangi ama\u00e7la kurulmu\u015ftur<\/strong><\/p>\n<p>Human Help Austria 2010 y\u0131l\u0131nda Avusturya\u2019da ya\u015fayan bir grup yard\u0131msever taraf\u0131ndan, insani yard\u0131m g\u00f6t\u00fcrmek amac\u0131yla kurulmu\u015ftur.<\/p>\n<p><strong>\u0130htiya\u00e7 sahibi insanlar nas\u0131l belirleniyor?<\/strong><\/p>\n<p>Derne\u011fimizin \u00e7al\u0131\u015fma y\u00fcr\u00fctt\u00fc\u011f\u00fc \u00fclkelerde partner kurulu\u015flar\u0131m\u0131z\u0131n arac\u0131l\u0131\u011f\u0131 ve \u00e7al\u0131\u015fmalar\u0131yla buralardaki ihtiya\u00e7 sahipleri ve eksiklikler belirlenmekte ve faaliyetler daha \u00e7ok bu s\u0131k\u0131nt\u0131lar\u0131n giderilmesi \u00fczerine yo\u011funla\u015ft\u0131r\u0131lmaktad\u0131r. Derne\u011fimiz \u00f6ncelikli yard\u0131m program\u0131nda ilk s\u0131ray\u0131 m\u00fclteci kamplar\u0131, yetim yurtlar\u0131, yetim aileleri, sava\u015f ve do\u011fal afet ma\u011fdurlar\u0131, ya\u015fl\u0131lar, kimsesizler, okullar, medreseler ve hastaneler almaktad\u0131r.<\/p>\n<p><strong>Human Help Austria\u2018ya nas\u0131l katk\u0131da bulunabilirim?<\/strong><\/p>\n<p>D\u00f6nemsel projelerimizi ve devam eden kampanyalar\u0131m\u0131z\u0131 destekleyebilirsiniz. Ayr\u0131ca sosyal medyada derne\u011fimizin ve \u00e7al\u0131\u015fmalar\u0131m\u0131z\u0131n tan\u0131t\u0131m\u0131n\u0131 yapabilirsiniz.<\/p>\n<p><strong>Nas\u0131l g\u00f6n\u00fcll\u00fc olabilirim?<\/strong><\/p>\n<p>Bize telefon numaralar\u0131m\u0131zdan, internet adresimizden yahut e-mail yoluyla ula\u015fabilir, bizzat derne\u011fimizin \u015fubelerini ziyaret edebilirsiniz. Dernek \u00e7al\u0131\u015fanlar\u0131m\u0131z sizi bilgilendirecek ve yard\u0131mc\u0131 olacaklard\u0131r.<\/p>\n<p><strong>\u0130rtibat bilgilerimi nas\u0131l yenileyebilirim?<\/strong><\/p>\n<p>Ki\u015fisel bilgilerinizin de\u011fi\u015fmesi h\u00e2linde bizi telefonla arayabilir, E-mail g\u00f6nderebilir, web sayfam\u0131zdan irtibata ge\u00e7ip bilgilerinizi g\u00fcncelleyebilirsiniz.<\/p>\n<p><strong>Human Help Austria\u2019n\u0131n \u015fubesi veya temsilcisi var m\u0131d\u0131r?<\/strong><\/p>\n<p>Human Help Austria bir merkez \u015fubesi ve bir b\u00fcrosuyla Viyana\u2019da hizmet verirken, Avusturya\u2019n\u0131n di\u011fer eyaletlerinde ise temsilcileri bulunmaktad\u0131r.<\/p>\n<p><strong>Adres ve ileti\u015fim bilgilerimiz:<\/strong><\/p>\n<p>Sonnwendgasse 38 \/ Lokal 3, 1100 Wien<br \/>\nTel: 0699 121 76 264 \/ 0699 192 60 107<br \/>\nEmail: <a href=\"mailto:office@helpaustria.at\"><span id=\"cloak80b7962184e97f468063502fe56cc244\">office@helpaustria.at<\/span><\/a><br \/>\n\u0130nternet sitemiz:<a href=\"http:\/\/helpaustria.at\"> www.helpaustria.at<\/a><\/p>\n<p><strong>Banka Bilgileri :<\/strong><\/p>\n<div class=\"ui list\">\n<div class=\"item\">Empf\u00e4nger: Human Help Austria<\/div>\n<div class=\"item\">Bank: <b>Bank Austria<\/b><\/div>\n<div class=\"item\">IBAN: AT96 1200 0512 8005 5305<\/div>\n<div class=\"item\">BIC: BKAUATWW<\/div>\n<div>&#8211;<\/div>\n<div>Empf\u00e4nger: Human Help &#8211; humanit\u00e4re Unterst\u00fctzung<\/div>\n<div>Bank: <b>Erste Bank<\/b><\/div>\n<div>IBAN: AT68 2011 1821 5965 6600<\/div>\n<div>BIC: GIBAATWWXXX<\/div>\n<\/div>\n","protected":false},"excerpt":{"rendered":"<p>Human Help Austria kimler taraf\u0131ndan ve hangi ama\u00e7la kurulmu\u015ftur Human Help Austria 2010 y\u0131l\u0131nda Avusturya\u2019da ya\u015fayan bir grup yard\u0131msever taraf\u0131ndan, insani yard\u0131m g\u00f6t\u00fcrmek amac\u0131yla kurulmu\u015ftur. \u0130htiya\u00e7 sahibi insanlar nas\u0131l belirleniyor? Derne\u011fimizin \u00e7al\u0131\u015fma y\u00fcr\u00fctt\u00fc\u011f\u00fc \u00fclkelerde partner kurulu\u015flar\u0131m\u0131z\u0131n arac\u0131l\u0131\u011f\u0131 ve \u00e7al\u0131\u015fmalar\u0131yla buralardaki ihtiya\u00e7 sahipleri ve eksiklikler belirlenmekte ve faaliyetler daha \u00e7ok bu s\u0131k\u0131nt\u0131lar\u0131n giderilmesi \u00fczerine yo\u011funla\u015ft\u0131r\u0131lmaktad\u0131r. Derne\u011fimiz&hellip;<\/p>\n","protected":false},"author":1,"featured_media":0,"parent":0,"menu_order":0,"comment_status":"closed","ping_status":"closed","template":"","meta":{"footnotes":""},"class_list":["post-472","page","type-page","status-publish","hentry"],"amp_enabled":true,"_links":{"self":[{"href":"https:\/\/www.helpaustria.at\/tr\/wp-json\/wp\/v2\/pages\/472","targetHints":{"allow":["GET"]}}],"collection":[{"href":"https:\/\/www.helpaustria.at\/tr\/wp-json\/wp\/v2\/pages"}],"about":[{"href":"https:\/\/www.helpaustria.at\/tr\/wp-json\/wp\/v2\/types\/page"}],"author":[{"embeddable":true,"href":"https:\/\/www.helpaustria.at\/tr\/wp-json\/wp\/v2\/users\/1"}],"replies":[{"embeddable":true,"href":"https:\/\/www.helpaustria.at\/tr\/wp-json\/wp\/v2\/comments?post=472"}],"version-history":[{"count":9,"href":"https:\/\/www.helpaustria.at\/tr\/wp-json\/wp\/v2\/pages\/472\/revisions"}],"predecessor-version":[{"id":1327,"href":"https:\/\/www.helpaustria.at\/tr\/wp-json\/wp\/v2\/pages\/472\/revisions\/1327"}],"wp:attachment":[{"href":"https:\/\/www.helpaustria.at\/tr\/wp-json\/wp\/v2\/media?parent=472"}],"curies":[{"name":"wp","href":"https:\/\/api.w.org\/{rel}","templated":true}]}}