{"id":494,"date":"2020-06-22T12:16:54","date_gmt":"2020-06-22T10:16:54","guid":{"rendered":"http:\/\/www.helpaustria.at\/tr\/?page_id=494"},"modified":"2020-06-22T12:20:37","modified_gmt":"2020-06-22T10:20:37","slug":"bagisinizi-vergiden-dusurme","status":"publish","type":"page","link":"https:\/\/www.helpaustria.at\/tr\/bagisinizi-vergiden-dusurme\/","title":{"rendered":"Ba\u011f\u0131\u015f\u0131n\u0131z\u0131 Vergiden D\u00fc\u015f\u00fcrme"},"content":{"rendered":"<p><img fetchpriority=\"high\" decoding=\"async\" class=\"alignnone  wp-image-500\" src=\"\/\/www.helpaustria.at\/tr\/wp-content\/uploads\/sites\/2\/2020\/06\/vergi2HH-1.png\" alt=\"\" width=\"347\" height=\"347\" srcset=\"https:\/\/www.helpaustria.at\/tr\/wp-content\/uploads\/sites\/2\/2020\/06\/vergi2HH-1.png 1080w, https:\/\/www.helpaustria.at\/tr\/wp-content\/uploads\/sites\/2\/2020\/06\/vergi2HH-1-150x150.png 150w, https:\/\/www.helpaustria.at\/tr\/wp-content\/uploads\/sites\/2\/2020\/06\/vergi2HH-1-300x300.png 300w, https:\/\/www.helpaustria.at\/tr\/wp-content\/uploads\/sites\/2\/2020\/06\/vergi2HH-1-768x768.png 768w, https:\/\/www.helpaustria.at\/tr\/wp-content\/uploads\/sites\/2\/2020\/06\/vergi2HH-1-1024x1024.png 1024w\" sizes=\"(max-width: 347px) 100vw, 347px\" \/><\/p>\n<p class=\"western\"><b>Human Help Austria \u00fczer\u0131 yapt\u0131\u011f\u0131n\u0131z ba\u011f\u0131\u015flar\u0131 vergiden d\u00fc\u015febilirsiniz.<br \/>\n<\/b><\/p>\n<p>Temmuz 2017&#8217;den itibaren t\u00fcm yard\u0131m kurulu\u015flar\u0131nda yapt\u0131\u011f\u0131n\u0131z ba\u011f\u0131\u015flar\u0131 vergiden d\u00fc\u015febilirsiniz.<\/p>\n<p class=\"western\">\u0130kametgah \u00fczerinde yazan isim, soyisim ve do\u011fum tarihiniz ile ba\u011f\u0131\u015flar\u0131n\u0131z\u0131 Finanzamt bildiriyor ve Jahresausgleich dedi\u011fimiz senelik vergi d\u00fc\u015febilme imkan\u0131ndan yararlanabiliyorsunuz.<\/p>\n<p class=\"western\">Bu imkan\u0131 size tan\u0131yoruz, fakat istersenizde isim vermeden ba\u011f\u0131\u015f yapabilirsiniz.<\/p>\n<p class=\"western\" align=\"left\"><b>Vergi d\u00fc\u015febilme imkan\u0131ndan yararlanmak i\u00e7in \u00f6demelerde neye dikkat etmem gerek?<\/b><\/p>\n<ul>\n<li class=\"western\">\n<p align=\"left\"><b>Erlagschein<\/b> \u00f6demelerinde Verwendungszweck yazan k\u0131sma \u00f6demeyi yapan ki\u015fi do\u011fum tarihini yazmas\u0131 gerek.<\/p>\n<\/li>\n<li class=\"western\">\n<p align=\"left\"><strong>Netbanking<\/strong> ile \u00f6deme yapt\u0131\u011f\u0131n\u0131zda da ayn\u0131 \u015fekilde Verwendungszwecke do\u011fum tarihinizi yazman\u0131z gerekmektedir.<\/p>\n<\/li>\n<li class=\"western\">\n<p align=\"left\">Direk sayfada <strong>Onlineformular\u0131m\u0131z<\/strong> bulunmakta, \u00f6demenizi sayfa \u00fczeri yap\u0131yorsan\u0131z, do\u011fum tarihi k\u0131sm\u0131n\u0131 doldurman\u0131z gerekmektedir, fakat istemiyorsan\u0131z bo\u015f b\u0131rakabilirsiniz.<\/p>\n<\/li>\n<\/ul>\n<p class=\"western\">\n","protected":false},"excerpt":{"rendered":"<p>Human Help Austria \u00fczer\u0131 yapt\u0131\u011f\u0131n\u0131z ba\u011f\u0131\u015flar\u0131 vergiden d\u00fc\u015febilirsiniz. Temmuz 2017&#8217;den itibaren t\u00fcm yard\u0131m kurulu\u015flar\u0131nda yapt\u0131\u011f\u0131n\u0131z ba\u011f\u0131\u015flar\u0131 vergiden d\u00fc\u015febilirsiniz. \u0130kametgah \u00fczerinde yazan isim, soyisim ve do\u011fum tarihiniz ile ba\u011f\u0131\u015flar\u0131n\u0131z\u0131 Finanzamt bildiriyor ve Jahresausgleich dedi\u011fimiz senelik vergi d\u00fc\u015febilme imkan\u0131ndan yararlanabiliyorsunuz. Bu imkan\u0131 size tan\u0131yoruz, fakat istersenizde isim vermeden ba\u011f\u0131\u015f yapabilirsiniz. Vergi d\u00fc\u015febilme imkan\u0131ndan yararlanmak i\u00e7in \u00f6demelerde neye&hellip;<\/p>\n","protected":false},"author":1,"featured_media":0,"parent":0,"menu_order":0,"comment_status":"closed","ping_status":"closed","template":"","meta":{"footnotes":""},"class_list":["post-494","page","type-page","status-publish","hentry"],"amp_enabled":true,"_links":{"self":[{"href":"https:\/\/www.helpaustria.at\/tr\/wp-json\/wp\/v2\/pages\/494","targetHints":{"allow":["GET"]}}],"collection":[{"href":"https:\/\/www.helpaustria.at\/tr\/wp-json\/wp\/v2\/pages"}],"about":[{"href":"https:\/\/www.helpaustria.at\/tr\/wp-json\/wp\/v2\/types\/page"}],"author":[{"embeddable":true,"href":"https:\/\/www.helpaustria.at\/tr\/wp-json\/wp\/v2\/users\/1"}],"replies":[{"embeddable":true,"href":"https:\/\/www.helpaustria.at\/tr\/wp-json\/wp\/v2\/comments?post=494"}],"version-history":[{"count":2,"href":"https:\/\/www.helpaustria.at\/tr\/wp-json\/wp\/v2\/pages\/494\/revisions"}],"predecessor-version":[{"id":501,"href":"https:\/\/www.helpaustria.at\/tr\/wp-json\/wp\/v2\/pages\/494\/revisions\/501"}],"wp:attachment":[{"href":"https:\/\/www.helpaustria.at\/tr\/wp-json\/wp\/v2\/media?parent=494"}],"curies":[{"name":"wp","href":"https:\/\/api.w.org\/{rel}","templated":true}]}}