{"id":519,"date":"2020-08-12T14:57:33","date_gmt":"2020-08-12T12:57:33","guid":{"rendered":"http:\/\/www.helpaustria.at\/tr\/?page_id=519"},"modified":"2026-04-07T12:16:46","modified_gmt":"2026-04-07T10:16:46","slug":"egitim-projeleri","status":"publish","type":"page","link":"https:\/\/www.helpaustria.at\/tr\/egitim-projeleri\/","title":{"rendered":"Okul \u00c7antas\u0131 Projesi"},"content":{"rendered":"\n<div style=\"height:30px\" aria-hidden=\"true\" class=\"wp-block-spacer\"><\/div>\n\n\n<figure style=\"aspect-ratio:4\/3;\" class=\"wp-block-post-featured-image\"><img fetchpriority=\"high\" decoding=\"async\" width=\"1206\" height=\"1499\" src=\"https:\/\/www.helpaustria.at\/tr\/wp-content\/uploads\/sites\/2\/2026\/04\/WhatsApp-Image-2026-04-07-at-11.39.34.jpeg\" class=\"attachment-post-thumbnail size-post-thumbnail wp-post-image\" alt=\"\" style=\"width:100%;height:100%;object-fit:cover;\" srcset=\"https:\/\/www.helpaustria.at\/tr\/wp-content\/uploads\/sites\/2\/2026\/04\/WhatsApp-Image-2026-04-07-at-11.39.34.jpeg 1206w, https:\/\/www.helpaustria.at\/tr\/wp-content\/uploads\/sites\/2\/2026\/04\/WhatsApp-Image-2026-04-07-at-11.39.34-241x300.jpeg 241w, https:\/\/www.helpaustria.at\/tr\/wp-content\/uploads\/sites\/2\/2026\/04\/WhatsApp-Image-2026-04-07-at-11.39.34-824x1024.jpeg 824w, https:\/\/www.helpaustria.at\/tr\/wp-content\/uploads\/sites\/2\/2026\/04\/WhatsApp-Image-2026-04-07-at-11.39.34-768x955.jpeg 768w, https:\/\/www.helpaustria.at\/tr\/wp-content\/uploads\/sites\/2\/2026\/04\/WhatsApp-Image-2026-04-07-at-11.39.34-121x150.jpeg 121w\" sizes=\"(max-width: 1206px) 100vw, 1206px\" \/><\/figure>\n\n\n<div style=\"height:30px\" aria-hidden=\"true\" class=\"wp-block-spacer\"><\/div>\n\n\n\n<p>Her yeni e\u011fitim y\u0131l\u0131 \u00f6ncesi, Eyl\u00fcl ve Ekim aylar\u0131nda, \u00e7ocuklara destek olmak i\u00e7in okul \u00e7antas\u0131 projemizi ba\u015flat\u0131yoruz. Amac\u0131m\u0131z, maddi imk\u00e2nlar\u0131 s\u0131n\u0131rl\u0131 olan ailelerin \u00e7ocuklar\u0131na yeni e\u011fitim y\u0131l\u0131na umut dolu ve g\u00fc\u00e7l\u00fc bir ba\u015flang\u0131\u00e7 yapma f\u0131rsat\u0131 sunmakt\u0131r.<\/p>\n\n\n\n<p>Okula ba\u015flamak, bir \u00e7ocu\u011fun hayat\u0131ndaki en heyecan verici ve unutulmaz anlardan biridir. Ancak ne yaz\u0131k ki bu her \u00e7ocuk i\u00e7in m\u00fcmk\u00fcn olmayabiliyor.<\/p>\n\n\n\n<p>Projemiz kapsam\u0131nda ba\u011f\u0131\u015flar topluyor, bu desteklerle i\u00e7i \u00f6zenle haz\u0131rlanm\u0131\u015f okul \u00e7antalar\u0131 olu\u015fturuyoruz. \u00c7antalar\u0131n i\u00e7inde defterler, kalemler, boya malzemeleri ve \u00e7ocuklar\u0131n okul hayat\u0131nda ihtiya\u00e7 duyaca\u011f\u0131 bir\u00e7ok temel ara\u00e7 gere\u00e7 yer almaktad\u0131r.<\/p>\n\n\n\n<p>Projemizi farkl\u0131 \u00fclkelerde y\u00fcr\u00fct\u00fcyoruz; ihtiya\u00e7 sahibi \u00e7ocuklara destek olmay\u0131 ve onlara umut dolu bir e\u011fitim ba\u015flang\u0131c\u0131 sunmay\u0131 ama\u00e7l\u0131yoruz.<\/p>\n\n\n\n<p>Ba\u011f\u0131\u015flanan her okul \u00e7antas\u0131yla sadece maddi destek sa\u011flamakla kalm\u0131yor, ayn\u0131 zamanda \u00e7ocuklara sevin\u00e7 ve \u00f6zg\u00fcven de hediye ediyoruz.<\/p>\n\n\n\n<div style=\"height:30px\" aria-hidden=\"true\" class=\"wp-block-spacer\"><\/div>\n\n\n\n<p><span class=\"wp-rich-text-font-awesome-icon wp-font-awesome-icon\"><svg aria-hidden=\"true\" focusable=\"false\" data-prefix=\"fas\" data-icon=\"map-marker-alt\" class=\"svg-inline--fa fa-map-marker-alt \" role=\"img\" xmlns=\"http:\/\/www.w3.org\/2000\/svg\" viewBox=\"0 0 384 512\"><path fill=\"currentColor\" d=\"M172.268 501.67C26.97 291.031 0 269.413 0 192 0 85.961 85.961 0 192 0s192 85.961 192 192c0 77.413-26.97 99.031-172.268 309.67-9.535 13.774-29.93 13.773-39.464 0zM192 272c44.183 0 80-35.817 80-80s-35.817-80-80-80-80 35.817-80 80 35.817 80 80 80z\"><\/path><\/svg><\/span> \u0130leti\u015fim bilgileri:<br>Human Help Austria<br>Sonnwendgasse 38 \/ Lokal 3<br>1100 Wien<\/p>\n\n\n\n<p><span class=\"wp-rich-text-font-awesome-icon wp-font-awesome-icon\"><svg aria-hidden=\"true\" focusable=\"false\" data-prefix=\"fas\" data-icon=\"phone\" class=\"svg-inline--fa fa-phone \" role=\"img\" xmlns=\"http:\/\/www.w3.org\/2000\/svg\" viewBox=\"0 0 512 512\"><path fill=\"currentColor\" d=\"M493.4 24.6l-104-24c-11.3-2.6-22.9 3.3-27.5 13.9l-48 112c-4.2 9.8-1.4 21.3 6.9 28l60.6 49.6c-36 76.7-98.9 140.5-177.2 177.2l-49.6-60.6c-6.8-8.3-18.2-11.1-28-6.9l-112 48C3.9 366.5-2 378.1.6 389.4l24 104C27.1 504.2 36.7 512 48 512c256.1 0 464-207.5 464-464 0-11.2-7.7-20.9-18.6-23.4z\"><\/path><\/svg><\/span> 0680 301 56 00<\/p>\n\n\n\n<p><span class=\"wp-rich-text-font-awesome-icon wp-font-awesome-icon\"><svg aria-hidden=\"true\" focusable=\"false\" data-prefix=\"fas\" data-icon=\"envelope-square\" class=\"svg-inline--fa fa-envelope-square \" role=\"img\" xmlns=\"http:\/\/www.w3.org\/2000\/svg\" viewBox=\"0 0 448 512\"><path fill=\"currentColor\" d=\"M400 32H48C21.49 32 0 53.49 0 80v352c0 26.51 21.49 48 48 48h352c26.51 0 48-21.49 48-48V80c0-26.51-21.49-48-48-48zM178.117 262.104C87.429 196.287 88.353 196.121 64 177.167V152c0-13.255 10.745-24 24-24h272c13.255 0 24 10.745 24 24v25.167c-24.371 18.969-23.434 19.124-114.117 84.938-10.5 7.655-31.392 26.12-45.883 25.894-14.503.218-35.367-18.227-45.883-25.895zM384 217.775V360c0 13.255-10.745 24-24 24H88c-13.255 0-24-10.745-24-24V217.775c13.958 10.794 33.329 25.236 95.303 70.214 14.162 10.341 37.975 32.145 64.694 32.01 26.887.134 51.037-22.041 64.72-32.025 61.958-44.965 81.325-59.406 95.283-70.199z\"><\/path><\/svg><\/span> <a href=\"mailto:office@helpaustria.at\">office@helpaustria.at<\/a><\/p>\n\n\n\n<p><\/p>\n","protected":false},"excerpt":{"rendered":"<p>Her yeni e\u011fitim y\u0131l\u0131 \u00f6ncesi, Eyl\u00fcl ve Ekim aylar\u0131nda, \u00e7ocuklara destek olmak i\u00e7in okul \u00e7antas\u0131 projemizi ba\u015flat\u0131yoruz. Amac\u0131m\u0131z, maddi imk\u00e2nlar\u0131 s\u0131n\u0131rl\u0131 olan ailelerin \u00e7ocuklar\u0131na yeni e\u011fitim y\u0131l\u0131na umut dolu ve g\u00fc\u00e7l\u00fc bir ba\u015flang\u0131\u00e7 yapma f\u0131rsat\u0131 sunmakt\u0131r. Okula ba\u015flamak, bir \u00e7ocu\u011fun hayat\u0131ndaki en heyecan verici ve unutulmaz anlardan biridir. Ancak ne yaz\u0131k ki bu her \u00e7ocuk&hellip;<\/p>\n","protected":false},"author":1,"featured_media":1631,"parent":0,"menu_order":0,"comment_status":"closed","ping_status":"closed","template":"","meta":{"footnotes":""},"class_list":["post-519","page","type-page","status-publish","has-post-thumbnail","hentry"],"amp_enabled":true,"_links":{"self":[{"href":"https:\/\/www.helpaustria.at\/tr\/wp-json\/wp\/v2\/pages\/519","targetHints":{"allow":["GET"]}}],"collection":[{"href":"https:\/\/www.helpaustria.at\/tr\/wp-json\/wp\/v2\/pages"}],"about":[{"href":"https:\/\/www.helpaustria.at\/tr\/wp-json\/wp\/v2\/types\/page"}],"author":[{"embeddable":true,"href":"https:\/\/www.helpaustria.at\/tr\/wp-json\/wp\/v2\/users\/1"}],"replies":[{"embeddable":true,"href":"https:\/\/www.helpaustria.at\/tr\/wp-json\/wp\/v2\/comments?post=519"}],"version-history":[{"count":7,"href":"https:\/\/www.helpaustria.at\/tr\/wp-json\/wp\/v2\/pages\/519\/revisions"}],"predecessor-version":[{"id":1633,"href":"https:\/\/www.helpaustria.at\/tr\/wp-json\/wp\/v2\/pages\/519\/revisions\/1633"}],"wp:featuredmedia":[{"embeddable":true,"href":"https:\/\/www.helpaustria.at\/tr\/wp-json\/wp\/v2\/media\/1631"}],"wp:attachment":[{"href":"https:\/\/www.helpaustria.at\/tr\/wp-json\/wp\/v2\/media?parent=519"}],"curies":[{"name":"wp","href":"https:\/\/api.w.org\/{rel}","templated":true}]}}