{"id":555,"date":"2020-11-26T10:55:52","date_gmt":"2020-11-26T09:55:52","guid":{"rendered":"http:\/\/www.helpaustria.at\/tr\/?page_id=555"},"modified":"2026-04-04T14:41:50","modified_gmt":"2026-04-04T12:41:50","slug":"yetim-himayesi-2","status":"publish","type":"page","link":"https:\/\/www.helpaustria.at\/tr\/yetim-himayesi-2\/","title":{"rendered":"Yetim Himayesi"},"content":{"rendered":"\n<div style=\"height:30px\" aria-hidden=\"true\" class=\"wp-block-spacer\"><\/div>\n\n\n\n<div class=\"wp-block-media-text is-stacked-on-mobile\"><figure class=\"wp-block-media-text__media\"><img fetchpriority=\"high\" decoding=\"async\" width=\"300\" height=\"200\" src=\"https:\/\/www.helpaustria.at\/tr\/wp-content\/uploads\/sites\/2\/2026\/04\/IMG-20251111-WA0013-300x200-1.jpg\" alt=\"\" class=\"wp-image-1624 size-full\" srcset=\"https:\/\/www.helpaustria.at\/tr\/wp-content\/uploads\/sites\/2\/2026\/04\/IMG-20251111-WA0013-300x200-1.jpg 300w, https:\/\/www.helpaustria.at\/tr\/wp-content\/uploads\/sites\/2\/2026\/04\/IMG-20251111-WA0013-300x200-1-150x100.jpg 150w\" sizes=\"(max-width: 300px) 100vw, 300px\" \/><\/figure><div class=\"wp-block-media-text__content\">\n<p><strong>Yetim himayesi projemiz<\/strong> ile d\u00fcnyan\u0131n farkl\u0131 \u00fclkelerindeki<strong> yetim \u00e7ocuklar\u0131n\u0131 destekliyoruz<\/strong>. Ayl\u0131k katk\u0131 tutar\u0131, ilgili \u00fclkelerdeki ya\u015fam maliyetlerine ve ko\u015fullara g\u00f6re belirlenmektedir.<\/p>\n<\/div><\/div>\n\n\n\n<div style=\"height:60px\" aria-hidden=\"true\" class=\"wp-block-spacer\"><\/div>\n\n\n\n<p><strong>Ayl\u0131k Sponsorluk Tutarlar\u0131:<\/strong><\/p>\n\n\n\n<ul class=\"wp-block-list\">\n<li>Filistin, L\u00fcbnan, \u00dcrd\u00fcn, Bosna, Yemen, T\u00fcrkiye: 45 \u20ac<\/li>\n\n\n\n<li>Arnavutluk, Tunus, Somali: 40 \u20ac<\/li>\n\n\n\n<li>Endonezya, Banglade\u015f, Tanzanya, Gana, Cibuti: 35 \u20ac<\/li>\n<\/ul>\n\n\n\n<p><strong>Katk\u0131lar\u0131n\u0131zla:<\/strong><\/p>\n\n\n\n<ul class=\"wp-block-list\">\n<li>\u00c7ocuklar\u0131n e\u011fitime eri\u015fimini sa\u011flars\u0131n\u0131z<\/li>\n\n\n\n<li>T\u0131bbi hizmetlerin geli\u015ftirilmesine destek olursunuz<\/li>\n\n\n\n<li>Zor ya\u015fam ko\u015fullar\u0131ndaki ailelere yard\u0131mc\u0131 olursunuz<\/li>\n\n\n\n<li>Umut ve gelecek f\u0131rsatlar\u0131 sunars\u0131n\u0131z<\/li>\n<\/ul>\n\n\n\n<p><strong>De\u011ferli Y\u00f6n:<br><\/strong>1,5 y\u0131l s\u00fcren destek sonras\u0131nda, her y\u0131l yetim \u00e7ocu\u011funuzdan ki\u015fisel bir rapor al\u0131rs\u0131n\u0131z; b\u00f6ylece ilerlemeleri ve ya\u015fad\u0131klar\u0131 deneyimleri do\u011frudan takip edebilirsiniz.<\/p>\n\n\n\n<p><strong>\u00d6nemli Bilgiler:<br><\/strong>Bir sponsorluk en az <strong>6 ay<\/strong> s\u00fcrmelidir. Bu, d\u00fczenli ve g\u00fcvenilir bir destek sa\u011flamak i\u00e7in gereklidir.<\/p>\n\n\n\n<p>Ayr\u0131ca, sponsorluktan ba\u011f\u0131ms\u0131z olarak <strong>yetim fonumuza<\/strong> istedi\u011finiz miktarda ba\u011f\u0131\u015f yaparak da destek olabilirsiniz.<\/p>\n\n\n\n<div style=\"height:80px\" aria-hidden=\"true\" class=\"wp-block-spacer\"><\/div>\n\n\n\n<p class=\"has-text-align-center\"><strong>Bir sponsorluk i\u00e7in bizi 0680 301 56 00 \u00fczerinden arayabilir veya <a href=\"mailto:office@helpaustria.at\">office@helpaustria.at<\/a> adresine e-posta g\u00f6nderebilirsiniz.<\/strong><\/p>\n\n\n\n<p class=\"has-text-align-center\"><strong>Size yard\u0131mc\u0131 olmaktan memnuniyet duyar\u0131z.<\/strong><\/p>\n","protected":false},"excerpt":{"rendered":"<p>Yetim himayesi projemiz ile d\u00fcnyan\u0131n farkl\u0131 \u00fclkelerindeki yetim \u00e7ocuklar\u0131n\u0131 destekliyoruz. Ayl\u0131k katk\u0131 tutar\u0131, ilgili \u00fclkelerdeki ya\u015fam maliyetlerine ve ko\u015fullara g\u00f6re belirlenmektedir. Ayl\u0131k Sponsorluk Tutarlar\u0131: Katk\u0131lar\u0131n\u0131zla: De\u011ferli Y\u00f6n:1,5 y\u0131l s\u00fcren destek sonras\u0131nda, her y\u0131l yetim \u00e7ocu\u011funuzdan ki\u015fisel bir rapor al\u0131rs\u0131n\u0131z; b\u00f6ylece ilerlemeleri ve ya\u015fad\u0131klar\u0131 deneyimleri do\u011frudan takip edebilirsiniz. \u00d6nemli Bilgiler:Bir sponsorluk en az 6 ay s\u00fcrmelidir.&hellip;<\/p>\n","protected":false},"author":1,"featured_media":1624,"parent":0,"menu_order":0,"comment_status":"closed","ping_status":"closed","template":"","meta":{"footnotes":""},"class_list":["post-555","page","type-page","status-publish","has-post-thumbnail","hentry"],"amp_enabled":true,"_links":{"self":[{"href":"https:\/\/www.helpaustria.at\/tr\/wp-json\/wp\/v2\/pages\/555","targetHints":{"allow":["GET"]}}],"collection":[{"href":"https:\/\/www.helpaustria.at\/tr\/wp-json\/wp\/v2\/pages"}],"about":[{"href":"https:\/\/www.helpaustria.at\/tr\/wp-json\/wp\/v2\/types\/page"}],"author":[{"embeddable":true,"href":"https:\/\/www.helpaustria.at\/tr\/wp-json\/wp\/v2\/users\/1"}],"replies":[{"embeddable":true,"href":"https:\/\/www.helpaustria.at\/tr\/wp-json\/wp\/v2\/comments?post=555"}],"version-history":[{"count":8,"href":"https:\/\/www.helpaustria.at\/tr\/wp-json\/wp\/v2\/pages\/555\/revisions"}],"predecessor-version":[{"id":1630,"href":"https:\/\/www.helpaustria.at\/tr\/wp-json\/wp\/v2\/pages\/555\/revisions\/1630"}],"wp:featuredmedia":[{"embeddable":true,"href":"https:\/\/www.helpaustria.at\/tr\/wp-json\/wp\/v2\/media\/1624"}],"wp:attachment":[{"href":"https:\/\/www.helpaustria.at\/tr\/wp-json\/wp\/v2\/media?parent=555"}],"curies":[{"name":"wp","href":"https:\/\/api.w.org\/{rel}","templated":true}]}}