{"id":565,"date":"2020-11-26T11:21:03","date_gmt":"2020-11-26T10:21:03","guid":{"rendered":"http:\/\/www.helpaustria.at\/tr\/?page_id=565"},"modified":"2022-08-01T10:43:12","modified_gmt":"2022-08-01T08:43:12","slug":"yetim-himayesi-3","status":"publish","type":"page","link":"https:\/\/www.helpaustria.at\/tr\/yetim-himayesi-3\/","title":{"rendered":"Yetim Himayesi"},"content":{"rendered":"<p><span style=\"font-size: inherit;\">Human Help Austria, sizin yard\u0131m\u0131n\u0131zla \u00e7e\u015fitli \u00fclkelerdeki yetimlere destek oluyor. \u201cYetim Himaye projesi\u201d 18 ya\u015f alt\u0131 t\u00fcm yetimleri kaps\u0131yor. Yetimlere aile s\u0131cakl\u0131\u011f\u0131 ve cesaret vermek, kendi ayaklar\u0131 \u00fczerinde durmay\u0131 ba\u015farana kadar desteklemek hedefimizdir.<\/span><\/p>\n<p><main class=\"twelve wide column\"><\/p>\n<article class=\"content post-555 page type-page status-publish\">\n<hr \/>\n<p><b>\u00dclkeler ve Yetim Himaye Bedelleri (ayl\u0131k)<\/b><\/p>\n<table id=\"hor-minimalist-b\" style=\"height: 206px;\" summary=\"Zur Gr\u00fcndung anwesende Vereine\" width=\"344\">\n<tbody>\n<tr>\n<td>Filistin<\/td>\n<td>45\u20ac<\/td>\n<td>\u00a0L\u00fcbnan<\/td>\n<td>45\u20ac<\/td>\n<\/tr>\n<tr>\n<td>\u00dcrd\u00fcn<\/td>\n<td>45\u20ac<\/td>\n<td>\u00a0Arnavutluk<\/td>\n<td>40\u20ac<\/td>\n<\/tr>\n<tr>\n<td>Tunus<\/td>\n<td>40\u20ac<\/td>\n<td>\u00a0Tanzanya<\/td>\n<td>35\u20ac<\/td>\n<\/tr>\n<tr>\n<td>Somali<\/td>\n<td>40\u20ac<\/td>\n<td>\u00a0Gana<\/td>\n<td>35\u20ac<\/td>\n<\/tr>\n<tr>\n<td>Endonezya<\/td>\n<td>35\u20ac<\/td>\n<td>\u00a0Bosna Hersek<\/td>\n<td>45\u20ac<\/td>\n<\/tr>\n<tr>\n<td>Suriye<\/td>\n<td>50\u20ac<\/td>\n<td>\u00a0Yemen<\/td>\n<td>45\u20ac<\/td>\n<\/tr>\n<tr>\n<td>Banglade\u015f<\/td>\n<td>35\u20ac<\/td>\n<td><span class=\"st\">\u00a0Cibuti<\/span><\/td>\n<td>35\u20ac<\/td>\n<\/tr>\n<\/tbody>\n<\/table>\n<\/article>\n<p><\/main><\/p>\n<hr \/>\n<p>Yap\u0131lan ba\u011f\u0131\u015f ile bir yetimin temel ihtiya\u00e7lar\u0131 olan e\u011fitim, sa\u011fl\u0131k, g\u0131da, k\u0131yafet ve bar\u0131nma ihtiya\u00e7lar\u0131 kar\u015f\u0131lan\u0131r.<\/p>\n<p>Bir yetime destek s\u00fcresi en az 6 ay olmal\u0131d\u0131r. Bir yetime kefil olma \u00fclkeden \u00fclkeye (30\u20ac ile 50\u20ac aras\u0131nda) de\u011fi\u015fiklik g\u00f6sterir. \u0130steyen bir yetimin ayl\u0131k giderlerinin yar\u0131s\u0131n\u0131 veya kendi belirledi\u011fi miktarda bir k\u0131sm\u0131n\u0131 kar\u015f\u0131layabilir. Ayr\u0131ca belirli bir s\u0131n\u0131rlama olmaks\u0131z\u0131n yetim fonumuzu destekleyebilirsiniz.<\/p>\n<p>Yetim destek projemize bir sene kay\u0131t olan ki\u015filere y\u0131lda en az bir kez yetiminden mektup, resim ve ilerleme raporu ula\u015f\u0131r. Ayr\u0131ca isteyen kefilimiz yetimine mektup yazabilir.<\/p>\n","protected":false},"excerpt":{"rendered":"<p>Human Help Austria, sizin yard\u0131m\u0131n\u0131zla \u00e7e\u015fitli \u00fclkelerdeki yetimlere destek oluyor. \u201cYetim Himaye projesi\u201d 18 ya\u015f alt\u0131 t\u00fcm yetimleri kaps\u0131yor. Yetimlere aile s\u0131cakl\u0131\u011f\u0131 ve cesaret vermek, kendi ayaklar\u0131 \u00fczerinde durmay\u0131 ba\u015farana kadar desteklemek hedefimizdir. \u00dclkeler ve Yetim Himaye Bedelleri (ayl\u0131k) Filistin 45\u20ac \u00a0L\u00fcbnan 45\u20ac \u00dcrd\u00fcn 45\u20ac \u00a0Arnavutluk 40\u20ac Tunus 40\u20ac \u00a0Tanzanya 35\u20ac Somali 40\u20ac \u00a0Gana 35\u20ac&hellip;<\/p>\n","protected":false},"author":1,"featured_media":0,"parent":0,"menu_order":0,"comment_status":"closed","ping_status":"closed","template":"","meta":{"footnotes":""},"class_list":["post-565","page","type-page","status-publish","hentry"],"amp_enabled":true,"_links":{"self":[{"href":"https:\/\/www.helpaustria.at\/tr\/wp-json\/wp\/v2\/pages\/565","targetHints":{"allow":["GET"]}}],"collection":[{"href":"https:\/\/www.helpaustria.at\/tr\/wp-json\/wp\/v2\/pages"}],"about":[{"href":"https:\/\/www.helpaustria.at\/tr\/wp-json\/wp\/v2\/types\/page"}],"author":[{"embeddable":true,"href":"https:\/\/www.helpaustria.at\/tr\/wp-json\/wp\/v2\/users\/1"}],"replies":[{"embeddable":true,"href":"https:\/\/www.helpaustria.at\/tr\/wp-json\/wp\/v2\/comments?post=565"}],"version-history":[{"count":10,"href":"https:\/\/www.helpaustria.at\/tr\/wp-json\/wp\/v2\/pages\/565\/revisions"}],"predecessor-version":[{"id":880,"href":"https:\/\/www.helpaustria.at\/tr\/wp-json\/wp\/v2\/pages\/565\/revisions\/880"}],"wp:attachment":[{"href":"https:\/\/www.helpaustria.at\/tr\/wp-json\/wp\/v2\/media?parent=565"}],"curies":[{"name":"wp","href":"https:\/\/api.w.org\/{rel}","templated":true}]}}