{"id":575,"date":"2020-11-26T11:45:43","date_gmt":"2020-11-26T10:45:43","guid":{"rendered":"http:\/\/www.helpaustria.at\/tr\/?page_id=575"},"modified":"2020-11-26T11:46:01","modified_gmt":"2020-11-26T10:46:01","slug":"zeytin-agaci-projesi","status":"publish","type":"page","link":"https:\/\/www.helpaustria.at\/tr\/zeytin-agaci-projesi\/","title":{"rendered":"Zeytin A\u011fac\u0131 Projesi"},"content":{"rendered":"<p>Bilindi\u011fi \u00fczere Filistinlilerin temel ge\u00e7im kaynaklar\u0131ndan olan zeytin ve zeytin \u00fcr\u00fcnlerinin Filistin ekonomisine \u00f6nemli bir katk\u0131 sa\u011flad\u0131\u011f\u0131 ku\u015fkusuz. Filistine uygulanan ambargo ve sald\u0131r\u0131lar nedeniyle yok olan bah\u00e7eleri ye\u015fertmek hepimizin elinde. Bu ama\u00e7la 2013 y\u0131l\u0131ndan itibaren \u00e7al\u0131\u015fmalar yapan derne\u011fimiz g\u00f6n\u00fclda\u015flar\u0131m\u0131z\u0131n gayretli \u00e7al\u0131\u015fmalar\u0131 ile zeytin a\u011fac\u0131 projemizin ilk ad\u0131m\u0131n\u0131 ger\u00e7ekle\u015ftirmi\u015f bulunmaktad\u0131r. Bu proje ile Filistinlilere b\u00fcy\u00fck bir umut oldu\u011fumuz bilinciyle \u00e7al\u0131\u015fmalar\u0131m\u0131za ayn\u0131 h\u0131z ve gayret ile devam ediyoruz. Sizin de 15\u20ac ba\u011f\u0131\u015f kar\u015f\u0131l\u0131\u011f\u0131nda Filistin\u00b4de bir zeytin a\u011fac\u0131n\u0131z olabilir. Yapaca\u011f\u0131n\u0131z bu 15\u20ac ba\u011f\u0131\u015f dikilecek olan fidan\u0131n yerini ve 3 y\u0131ll\u0131k bak\u0131m masraflar\u0131n\u0131 kar\u015f\u0131lar.<\/p>\n<p><img fetchpriority=\"high\" decoding=\"async\" class=\"alignnone  wp-image-576\" src=\"\/\/www.helpaustria.at\/tr\/wp-content\/uploads\/sites\/2\/2020\/11\/603640_176974885796111_849296045_n.jpg\" alt=\"\" width=\"446\" height=\"297\" srcset=\"https:\/\/www.helpaustria.at\/tr\/wp-content\/uploads\/sites\/2\/2020\/11\/603640_176974885796111_849296045_n.jpg 960w, https:\/\/www.helpaustria.at\/tr\/wp-content\/uploads\/sites\/2\/2020\/11\/603640_176974885796111_849296045_n-300x200.jpg 300w, https:\/\/www.helpaustria.at\/tr\/wp-content\/uploads\/sites\/2\/2020\/11\/603640_176974885796111_849296045_n-768x512.jpg 768w, https:\/\/www.helpaustria.at\/tr\/wp-content\/uploads\/sites\/2\/2020\/11\/603640_176974885796111_849296045_n-150x100.jpg 150w\" sizes=\"(max-width: 446px) 100vw, 446px\" \/><\/p>\n","protected":false},"excerpt":{"rendered":"<p>Bilindi\u011fi \u00fczere Filistinlilerin temel ge\u00e7im kaynaklar\u0131ndan olan zeytin ve zeytin \u00fcr\u00fcnlerinin Filistin ekonomisine \u00f6nemli bir katk\u0131 sa\u011flad\u0131\u011f\u0131 ku\u015fkusuz. Filistine uygulanan ambargo ve sald\u0131r\u0131lar nedeniyle yok olan bah\u00e7eleri ye\u015fertmek hepimizin elinde. Bu ama\u00e7la 2013 y\u0131l\u0131ndan itibaren \u00e7al\u0131\u015fmalar yapan derne\u011fimiz g\u00f6n\u00fclda\u015flar\u0131m\u0131z\u0131n gayretli \u00e7al\u0131\u015fmalar\u0131 ile zeytin a\u011fac\u0131 projemizin ilk ad\u0131m\u0131n\u0131 ger\u00e7ekle\u015ftirmi\u015f bulunmaktad\u0131r. Bu proje ile Filistinlilere b\u00fcy\u00fck bir&hellip;<\/p>\n","protected":false},"author":1,"featured_media":0,"parent":0,"menu_order":0,"comment_status":"closed","ping_status":"closed","template":"","meta":{"footnotes":""},"class_list":["post-575","page","type-page","status-publish","hentry"],"amp_enabled":true,"_links":{"self":[{"href":"https:\/\/www.helpaustria.at\/tr\/wp-json\/wp\/v2\/pages\/575","targetHints":{"allow":["GET"]}}],"collection":[{"href":"https:\/\/www.helpaustria.at\/tr\/wp-json\/wp\/v2\/pages"}],"about":[{"href":"https:\/\/www.helpaustria.at\/tr\/wp-json\/wp\/v2\/types\/page"}],"author":[{"embeddable":true,"href":"https:\/\/www.helpaustria.at\/tr\/wp-json\/wp\/v2\/users\/1"}],"replies":[{"embeddable":true,"href":"https:\/\/www.helpaustria.at\/tr\/wp-json\/wp\/v2\/comments?post=575"}],"version-history":[{"count":2,"href":"https:\/\/www.helpaustria.at\/tr\/wp-json\/wp\/v2\/pages\/575\/revisions"}],"predecessor-version":[{"id":578,"href":"https:\/\/www.helpaustria.at\/tr\/wp-json\/wp\/v2\/pages\/575\/revisions\/578"}],"wp:attachment":[{"href":"https:\/\/www.helpaustria.at\/tr\/wp-json\/wp\/v2\/media?parent=575"}],"curies":[{"name":"wp","href":"https:\/\/api.w.org\/{rel}","templated":true}]}}