{"id":7,"date":"2017-08-26T15:16:47","date_gmt":"2017-08-26T13:16:47","guid":{"rendered":"http:\/\/www.helpaustria.at\/dev\/tr\/?page_id=7"},"modified":"2017-08-27T17:15:02","modified_gmt":"2017-08-27T15:15:02","slug":"hakkimizda","status":"publish","type":"page","link":"https:\/\/www.helpaustria.at\/tr\/hakkimizda\/","title":{"rendered":"Hakk\u0131m\u0131zda"},"content":{"rendered":"<div class=\"ui medium rounded zoomable right floated image\"><img decoding=\"async\" src=\"\/\/www.helpaustria.at\/dev\/wp-content\/uploads\/2017\/07\/logo-human-help-300x253.png\" \/><\/div>\n<p style=\"text-align: justify;\"><strong>Human Help<\/strong>, 2010 y\u0131l\u0131nda Avusturya\u2018da ya\u015fayan yard\u0131msever M\u00fcsl\u00fcmanlar taraf\u0131ndan yap\u0131land\u0131r\u0131lm\u0131\u015f, ZVR-Zahl 459463611 numara ile kay\u0131tl\u0131, toplum yarar\u0131na \u00e7al\u0131\u015fan insani yard\u0131m kurulu\u015fudur. Merkezi Avusturya\u2018n\u0131n Viyana eyaletindeki, 10. b\u00f6lgesinde bulunan kurulu\u015fumuz, toplamda <strong>3 k\u0131ta ve 18 \u00fclkede<\/strong> <strong>faaliyet g\u00f6stermektedir.<\/strong> Bu \u00fclkeler; Cibuti, Somali, Gana, Nijer, Sudan, Tanzanya, Filistin, Suriye, \u00dcrd\u00fcn, Yemen, Banglade\u015f, Endonezya, Kambo\u00e7ya, Sri Lanka, Tayland, K\u0131rg\u0131zistan, \u00c7in ve Bosna-Hersektir. <strong>Human Help Austria<\/strong> bu \u00fclkelerdeki yard\u0131mlar\u0131 karde\u015f yard\u0131m kurulu\u015flar vas\u0131tas\u0131yla ula\u015ft\u0131rmaktad\u0131r. Ayr\u0131ca Aral\u0131k 2014\u00b4den itibaren yapm\u0131\u015f oldu\u011funuz ba\u011f\u0131\u015flar\u0131n\u0131z\u0131, \u00f6demi\u015f oldu\u011funuz vergilerden d\u00fc\u015febilirsiniz.<\/p>\n<p style=\"text-align: justify;\">Hi\u00e7 bir k\u00e2r amac\u0131 g\u00fctmeyen <strong>Human Help Austria<\/strong>, yoksul \u00fclkelerde yard\u0131ma ihtiyac\u0131 olan insanlara el uzatmay\u0131 hedeflemek ile birlikte, her daim devaml\u0131l\u0131\u011f\u0131 olan projeleri ile <strong>Sadaka-i Cariyenin<\/strong> \u00f6nemini g\u00fcn\u00fcm\u00fczde de vurgulamaktad\u0131r. Peygamberimiz (s.a.v.) bir Hadis-i \u015ferifinde \u015f\u00f6yle buyurur: <strong>\u201c\u0130nsan \u00f6l\u00fcnce amel defteri kapan\u0131r. Ancak \u015fu \u00fc\u00e7\u00fc bundan m\u00fcstesnad\u0131r: Sadaka-i Cariye, faydal\u0131 \u0130lim ve kendisine dua eden salih bir evlat b\u0131rakan ki\u015fi.\u201c<\/strong> (M\u00fcslim)<\/p>\n<p style=\"text-align: justify;\">Human Help Austria olarak bu d\u00fc\u015f\u00fcncenin hayat bulmas\u0131 i\u00e7in g\u00fcn\u00fcm\u00fcz insanlar\u0131n\u0131n ihtiya\u00e7lar\u0131n\u0131 g\u00f6z \u00f6n\u00fcnde bulundurarak, \u00f6nemli g\u00f6rd\u00fc\u011f\u00fcm\u00fcz be\u015f projeyi haz\u0131rlayarak siz yard\u0131m severleri <strong>Sadaka-i Cariyeye\u00b4ye dayal\u0131 projelerimize<\/strong> destek vermeye<br \/>\ndavet ediyoruz!<\/p>\n<div class=\"ui section divider\"><\/div>\n<div class=\"ui header\">Faaliyet Raporu<\/div>\n<p><strong>Human Help Austria<\/strong> olarak, 2010 y\u0131l\u0131ndan beri siz yard\u0131mseverlerin deste\u011fi ve yard\u0131m\u0131 ile y\u00fcr\u00fctt\u00fc\u011f\u00fcm\u00fcz faaliyetlerin raporunu k\u0131saca sizlere sunmak istiyoruz. Somali, Cibuti, Gana, Tanzanya, Etiyopya, Banglade\u015f, Seylan, Tayland ve Kambo\u00e7ya\u00b4da olmak \u00fczere <strong>237\u00b4den fazla Su kuyusu<\/strong> a\u00e7t\u0131k. Bu su kuyular\u0131 ile y\u00fczlerce ihtiya\u00e7 sahibi ailelere temiz i\u00e7me suyu temin edebilmemizi sa\u011flam\u0131\u015f oldunuz.<br \/>\n<strong>\u201eAsk\u0131da Ekmek\u201c<\/strong> projesi kapsam\u0131nda ba\u011f\u0131\u015flar\u0131n\u0131z sayesinde K\u0131rg\u0131zistan, Banglade\u015f, Cibuti ve Filistinde toplam <strong>995 aileye bir ay boyunca<\/strong> kamu yarar\u0131na \u00e7al\u0131\u015fan f\u0131r\u0131nlar\u0131m\u0131z taraf\u0131ndan ekmek temin edildi.<\/p>\n<p><strong>\u201eG\u00f6z nuru\u201c<\/strong> isimli bir di\u011fer projemize verdi\u011finiz destek ile Yemen ve Tanzanya da <strong>53 ki\u015fiye katarakt ameliyat\u0131 ve 68 ki\u015fiye ise G\u00f6z tansiyonu ameliyat\u0131<\/strong> yap\u0131ld\u0131. Cibuti, Endonezya ve \u00c7in\u00b4 de olmak \u00fczere <strong>52 ihtiya\u00e7 sahibi aileye S\u00fctke\u00e7isi<\/strong> temin edildi. Bu sayede muhta\u00e7 ailelerin onurlu bir ge\u00e7im temin etmelerine katk\u0131da bulunarak, ekonomik ba\u011f\u0131ms\u0131zl\u0131klar\u0131n\u0131 kazanmalar\u0131n\u0131 sa\u011flam\u0131\u015f oldunuz. Ayr\u0131ca <strong>Vak\u0131f projemize<\/strong> verdi\u011finiz destek ile \u00dcrd\u00fcn, Filistin ve Cibuti\u00b4de kamu yarar\u0131na \u00e7al\u0131\u015fan kurumlar\u0131n yap\u0131m\u0131na ba\u011f\u0131\u015flar\u0131n\u0131z\u0131 ula\u015ft\u0131rd\u0131k. Bu sayede <strong>yetimhanelerin ve kre\u015flerin<\/strong> a\u00e7\u0131l\u0131\u015f\u0131na katk\u0131da bulunmu\u015f oldunuz.<\/p>\n<p><strong>Projelerimize verdi\u011finiz destek ve katk\u0131lar\u0131n\u0131zdan \u00f6t\u00fcr\u00fc sizlere te\u015fekk\u00fcrlerimizi sunuyor ve yard\u0131mlar\u0131n\u0131z\u0131n devam\u0131n\u0131 umuyoruz.<\/strong><\/p>\n","protected":false},"excerpt":{"rendered":"<p>Human Help, 2010 y\u0131l\u0131nda Avusturya\u2018da ya\u015fayan yard\u0131msever M\u00fcsl\u00fcmanlar taraf\u0131ndan yap\u0131land\u0131r\u0131lm\u0131\u015f, ZVR-Zahl 459463611 numara ile kay\u0131tl\u0131, toplum yarar\u0131na \u00e7al\u0131\u015fan insani yard\u0131m kurulu\u015fudur. Merkezi Avusturya\u2018n\u0131n Viyana eyaletindeki, 10. b\u00f6lgesinde bulunan kurulu\u015fumuz, toplamda 3 k\u0131ta ve 18 \u00fclkede faaliyet g\u00f6stermektedir. Bu \u00fclkeler; Cibuti, Somali, Gana, Nijer, Sudan, Tanzanya, Filistin, Suriye, \u00dcrd\u00fcn, Yemen, Banglade\u015f, Endonezya, Kambo\u00e7ya, Sri Lanka, Tayland,&hellip;<\/p>\n","protected":false},"author":1,"featured_media":0,"parent":0,"menu_order":0,"comment_status":"closed","ping_status":"closed","template":"","meta":{"footnotes":""},"class_list":["post-7","page","type-page","status-publish","hentry"],"amp_enabled":true,"_links":{"self":[{"href":"https:\/\/www.helpaustria.at\/tr\/wp-json\/wp\/v2\/pages\/7","targetHints":{"allow":["GET"]}}],"collection":[{"href":"https:\/\/www.helpaustria.at\/tr\/wp-json\/wp\/v2\/pages"}],"about":[{"href":"https:\/\/www.helpaustria.at\/tr\/wp-json\/wp\/v2\/types\/page"}],"author":[{"embeddable":true,"href":"https:\/\/www.helpaustria.at\/tr\/wp-json\/wp\/v2\/users\/1"}],"replies":[{"embeddable":true,"href":"https:\/\/www.helpaustria.at\/tr\/wp-json\/wp\/v2\/comments?post=7"}],"version-history":[{"count":3,"href":"https:\/\/www.helpaustria.at\/tr\/wp-json\/wp\/v2\/pages\/7\/revisions"}],"predecessor-version":[{"id":48,"href":"https:\/\/www.helpaustria.at\/tr\/wp-json\/wp\/v2\/pages\/7\/revisions\/48"}],"wp:attachment":[{"href":"https:\/\/www.helpaustria.at\/tr\/wp-json\/wp\/v2\/media?parent=7"}],"curies":[{"name":"wp","href":"https:\/\/api.w.org\/{rel}","templated":true}]}}