{"id":829,"date":"2021-08-26T15:38:52","date_gmt":"2021-08-26T13:38:52","guid":{"rendered":"https:\/\/www.helpaustria.at\/tr\/?page_id=829"},"modified":"2021-08-26T15:39:10","modified_gmt":"2021-08-26T13:39:10","slug":"kardes-aile-projesi-2","status":"publish","type":"page","link":"https:\/\/www.helpaustria.at\/tr\/kardes-aile-projesi-2\/","title":{"rendered":"Karde\u015f aile projesi"},"content":{"rendered":"<p>Human Help olarak karde\u015f aile projesi ile amac\u0131m\u0131z; bir ailenin temel ihtiya\u00e7lar\u0131n\u0131 kar\u015f\u0131lamakt\u0131r.Siz de ayl\u0131k yapaca\u011f\u0131n\u0131z bir ba\u011f\u0131\u015fla Afrika ve Asya\u2019daki muhta\u00e7 bir aileyi destekleyebilirsiniz.<br \/>\n\u015eimdi siz de bir karde\u015f aileye sponsor olun ve ba\u011f\u0131\u015f\u0131n\u0131zla onlar\u0131 destekleyin. Bir ailenin ayl\u0131k temel ihtiyac\u0131n\u0131 60\u20ac ile kar\u015f\u0131layabilirsiniz.<\/p>\n<p><strong>Yap\u0131lan ayl\u0131k ba\u011f\u0131\u015f ile bir ailenin hangi ihtiya\u00e7lar\u0131 kar\u015f\u0131lanmaktad\u0131r?<\/strong><\/p>\n<p>Yap\u0131lan ba\u011f\u0131\u015f ile bir ailenin temel ihtiya\u00e7lar\u0131 olan sa\u011fl\u0131k, g\u0131da, k\u0131yafet ve bar\u0131nma ihtiya\u00e7lar\u0131 kar\u015f\u0131lan\u0131r.<\/p>\n<p><strong>Bir aileye nas\u0131l destek olunabilir?<\/strong><\/p>\n<p>Bir ailenin ayl\u0131k temel ihtiya\u00e7lar\u0131 60\u20ac buluyor. \u0130steyen bir ailenin ayl\u0131k giderlerinin yar\u0131s\u0131n\u0131 veya kendi belirledi\u011fi miktarda bir k\u0131sm\u0131n\u0131 kar\u015f\u0131layabilir.<\/p>\n<p><img fetchpriority=\"high\" decoding=\"async\" class=\"alignnone size-full wp-image-830\" src=\"https:\/\/www.helpaustria.at\/tr\/wp-content\/uploads\/sites\/2\/2021\/08\/fampat-tr-1.png\" alt=\"\" width=\"1906\" height=\"1500\" srcset=\"https:\/\/www.helpaustria.at\/tr\/wp-content\/uploads\/sites\/2\/2021\/08\/fampat-tr-1.png 1906w, https:\/\/www.helpaustria.at\/tr\/wp-content\/uploads\/sites\/2\/2021\/08\/fampat-tr-1-300x236.png 300w, https:\/\/www.helpaustria.at\/tr\/wp-content\/uploads\/sites\/2\/2021\/08\/fampat-tr-1-1024x806.png 1024w, https:\/\/www.helpaustria.at\/tr\/wp-content\/uploads\/sites\/2\/2021\/08\/fampat-tr-1-768x604.png 768w, https:\/\/www.helpaustria.at\/tr\/wp-content\/uploads\/sites\/2\/2021\/08\/fampat-tr-1-1536x1209.png 1536w, https:\/\/www.helpaustria.at\/tr\/wp-content\/uploads\/sites\/2\/2021\/08\/fampat-tr-1-150x118.png 150w\" sizes=\"(max-width: 1906px) 100vw, 1906px\" \/><\/p>\n","protected":false},"excerpt":{"rendered":"<p>Human Help olarak karde\u015f aile projesi ile amac\u0131m\u0131z; bir ailenin temel ihtiya\u00e7lar\u0131n\u0131 kar\u015f\u0131lamakt\u0131r.Siz de ayl\u0131k yapaca\u011f\u0131n\u0131z bir ba\u011f\u0131\u015fla Afrika ve Asya\u2019daki muhta\u00e7 bir aileyi destekleyebilirsiniz. \u015eimdi siz de bir karde\u015f aileye sponsor olun ve ba\u011f\u0131\u015f\u0131n\u0131zla onlar\u0131 destekleyin. Bir ailenin ayl\u0131k temel ihtiyac\u0131n\u0131 60\u20ac ile kar\u015f\u0131layabilirsiniz. Yap\u0131lan ayl\u0131k ba\u011f\u0131\u015f ile bir ailenin hangi ihtiya\u00e7lar\u0131 kar\u015f\u0131lanmaktad\u0131r? Yap\u0131lan&hellip;<\/p>\n","protected":false},"author":1,"featured_media":0,"parent":0,"menu_order":0,"comment_status":"closed","ping_status":"closed","template":"","meta":{"footnotes":""},"class_list":["post-829","page","type-page","status-publish","hentry"],"amp_enabled":true,"_links":{"self":[{"href":"https:\/\/www.helpaustria.at\/tr\/wp-json\/wp\/v2\/pages\/829","targetHints":{"allow":["GET"]}}],"collection":[{"href":"https:\/\/www.helpaustria.at\/tr\/wp-json\/wp\/v2\/pages"}],"about":[{"href":"https:\/\/www.helpaustria.at\/tr\/wp-json\/wp\/v2\/types\/page"}],"author":[{"embeddable":true,"href":"https:\/\/www.helpaustria.at\/tr\/wp-json\/wp\/v2\/users\/1"}],"replies":[{"embeddable":true,"href":"https:\/\/www.helpaustria.at\/tr\/wp-json\/wp\/v2\/comments?post=829"}],"version-history":[{"count":1,"href":"https:\/\/www.helpaustria.at\/tr\/wp-json\/wp\/v2\/pages\/829\/revisions"}],"predecessor-version":[{"id":831,"href":"https:\/\/www.helpaustria.at\/tr\/wp-json\/wp\/v2\/pages\/829\/revisions\/831"}],"wp:attachment":[{"href":"https:\/\/www.helpaustria.at\/tr\/wp-json\/wp\/v2\/media?parent=829"}],"curies":[{"name":"wp","href":"https:\/\/api.w.org\/{rel}","templated":true}]}}